{"id":178566,"date":"2025-12-20T23:29:46","date_gmt":"2025-12-20T20:29:46","guid":{"rendered":"https:\/\/baldumarket.lt\/?post_type=product&#038;p=178566"},"modified":"2026-02-12T10:14:04","modified_gmt":"2026-02-12T07:14:04","slug":"naroznik-gloss-funkcja-spania-pojemnik-gr1","status":"publish","type":"product","link":"https:\/\/baldumarket.lt\/lt\/product\/naroznik-gloss-funkcja-spania-pojemnik-gr1\/","title":{"rendered":"Blizgi kampin\u0117 sofa, miegojimo funkcija, Gr1 konteineris"},"content":{"rendered":"<p>Jei ie\u0161kote eleganti\u0161kos kampin\u0117s sofos su kasdienio miegojimo funkcija, turime jums puik\u0173 pasirinkim\u0105: \u201eGloss\u201c kampin\u0119 sof\u0105. Patraukl\u0173, modern\u0173 dizain\u0105 papildo didel\u0117s ir ma\u017eos atlo\u0161o pagalv\u0117l\u0117s. Dekoratyviniu audiniu aptrauktas atlo\u0161as leid\u017eia sof\u0105 pastatyti bet kokiu atstumu nuo sienos, atverdamas papildomas interjero dizaino ir pa\u010di\u0173 bald\u0173 pasirinkimo galimybes. Kampin\u0117 sofa turi DL kasdienio miegojimo funkcij\u0105, greitai ir lengvai paver\u010dian\u010di\u0105 patogi\u0105 sof\u0105 erdvia vieta tiek naktiniam, tiek dienos poilsiui. Erdvioje ir labai prakti\u0161koje patalyn\u0117s d\u0117\u017e\u0117je taip pat telpa papildomos antklod\u0117s ir pagalv\u0117s. Komplektas stovi ant stabili\u0173, auk\u0161t\u0173 (15 cm) juod\u0173 kojeli\u0173 ir pristatomas su minimaliu surinkimu. Jis tiekiamas de\u0161inin\u0117s ir kair\u0117s rankos versijomis ir yra si\u016blomas su pla\u010diu audini\u0173 asortimentu. Apmu\u0161al\u0173 audini\u0173 pavyzd\u017eius galite rasti \u201eProduct Creator\u201c svetain\u0117je.<\/p>","protected":false},"excerpt":{"rendered":"<p>Plotis: 258 cm<br \/>\nGylis: 167 cm<br \/>\nAuk\u0161tis: 91 cm<br \/>\nS\u0117dyn\u0117s gylis: 61 cm<br \/>\nS\u0117dyn\u0117s auk\u0161tis: 45 cm<\/p>","protected":false},"featured_media":178679,"comment_status":"open","ping_status":"closed","template":"","meta":[],"product_brand":[],"product_cat":[9546,616,1983,4635],"product_tag":[],"class_list":{"0":"post-178566","1":"product","2":"type-product","3":"status-publish","4":"has-post-thumbnail","6":"product_cat-corner-sofas-piaski","7":"product_cat-corners","8":"product_cat-corners-l","9":"product_cat-piaski","11":"first","12":"instock","13":"shipping-taxable","14":"purchasable","15":"product-type-variable","16":"wvs-archive-product-wrapper"},"_links":{"self":[{"href":"https:\/\/baldumarket.lt\/lt\/wp-json\/wp\/v2\/product\/178566","targetHints":{"allow":["GET"]}}],"collection":[{"href":"https:\/\/baldumarket.lt\/lt\/wp-json\/wp\/v2\/product"}],"about":[{"href":"https:\/\/baldumarket.lt\/lt\/wp-json\/wp\/v2\/types\/product"}],"replies":[{"embeddable":true,"href":"https:\/\/baldumarket.lt\/lt\/wp-json\/wp\/v2\/comments?post=178566"}],"wp:featuredmedia":[{"embeddable":true,"href":"https:\/\/baldumarket.lt\/lt\/wp-json\/wp\/v2\/media\/178679"}],"wp:attachment":[{"href":"https:\/\/baldumarket.lt\/lt\/wp-json\/wp\/v2\/media?parent=178566"}],"wp:term":[{"taxonomy":"product_brand","embeddable":true,"href":"https:\/\/baldumarket.lt\/lt\/wp-json\/wp\/v2\/product_brand?post=178566"},{"taxonomy":"product_cat","embeddable":true,"href":"https:\/\/baldumarket.lt\/lt\/wp-json\/wp\/v2\/product_cat?post=178566"},{"taxonomy":"product_tag","embeddable":true,"href":"https:\/\/baldumarket.lt\/lt\/wp-json\/wp\/v2\/product_tag?post=178566"}],"curies":[{"name":"wp","href":"https:\/\/api.w.org\/{rel}","templated":true}]}}