{"id":178564,"date":"2025-12-20T23:29:45","date_gmt":"2025-12-20T20:29:45","guid":{"rendered":"https:\/\/baldumarket.lt\/?post_type=product&#038;p=178564"},"modified":"2026-02-12T10:14:04","modified_gmt":"2026-02-12T07:14:04","slug":"naroznik-glam-funkcja-spania-pojemnik-gr1","status":"publish","type":"product","link":"https:\/\/baldumarket.lt\/lt\/product\/naroznik-glam-funkcja-spania-pojemnik-gr1\/","title":{"rendered":"Glam kampin\u0117 sofa, miegojimo funkcija, Gr1 konteineris"},"content":{"rendered":"<p>\u201eGlam\u201c kampin\u0117 sofa-lova pasi\u017eymi dideliu dekoratyvini\u0173 pagalv\u0117li\u0173 ir nuimam\u0173 nugaros pagalv\u0117li\u0173 pasirinkimu. Nepaisant modernaus charakterio, \u0161i sofa pasi\u017eymi ry\u0161kiomis klasikin\u0117mis savyb\u0117mis, kurias dar labiau pabr\u0117\u017eia gilios s\u0117dyn\u0117s pagalv\u0117l\u0117s. Ji puikiai papildys glam\u016bri\u0161ko stiliaus interjerus. Dekoratyviniu audiniu aptrauktas atlo\u0161as leid\u017eia sof\u0105 pastatyti bet kokiu atstumu nuo sienos, atverdamas papildomas dizaino galimybes tiek interjerui, tiek patiems baldams. Kampin\u0117 sofa turi \u201eDL\u201c dienos miegojimo funkcij\u0105, kuri greitai ir lengvai paver\u010dia patogi\u0105 sof\u0105 erdvia vieta poilsiui nakt\u012f ir dien\u0105. Erdvioje ir labai prakti\u0161koje patalyn\u0117s d\u0117\u017e\u0117je taip pat tilps papildomos antklod\u0117s, pagalv\u0117s ir lovaties\u0117s. Komplektas stovi ant tvirt\u0173 juod\u0173 kojeli\u0173 su dekoratyviniu elementu ir pristatomas su minimaliu surinkimu. Jis tiekiamas de\u0161inin\u0117s ir kair\u0117s pus\u0117s versijomis ir yra pagamintas i\u0161 plataus audini\u0173 asortimento. Apmu\u0161al\u0173 audini\u0173 pavyzd\u017eius galite rasti \u201eProduct Creator\u201c svetain\u0117je.<\/p>","protected":false},"excerpt":{"rendered":"<p>Plotis: 258 cm<br \/>\nGylis: 167 cm<br \/>\nAuk\u0161tis: 91 cm<br \/>\nS\u0117dyn\u0117s gylis: 61 cm<br \/>\nS\u0117dyn\u0117s auk\u0161tis: 45 cm<\/p>","protected":false},"featured_media":178666,"comment_status":"open","ping_status":"closed","template":"","meta":[],"product_brand":[],"product_cat":[9546,616,1983,4635],"product_tag":[],"class_list":{"0":"post-178564","1":"product","2":"type-product","3":"status-publish","4":"has-post-thumbnail","6":"product_cat-corner-sofas-piaski","7":"product_cat-corners","8":"product_cat-corners-l","9":"product_cat-piaski","11":"first","12":"instock","13":"shipping-taxable","14":"purchasable","15":"product-type-variable","16":"wvs-archive-product-wrapper"},"_links":{"self":[{"href":"https:\/\/baldumarket.lt\/lt\/wp-json\/wp\/v2\/product\/178564","targetHints":{"allow":["GET"]}}],"collection":[{"href":"https:\/\/baldumarket.lt\/lt\/wp-json\/wp\/v2\/product"}],"about":[{"href":"https:\/\/baldumarket.lt\/lt\/wp-json\/wp\/v2\/types\/product"}],"replies":[{"embeddable":true,"href":"https:\/\/baldumarket.lt\/lt\/wp-json\/wp\/v2\/comments?post=178564"}],"wp:featuredmedia":[{"embeddable":true,"href":"https:\/\/baldumarket.lt\/lt\/wp-json\/wp\/v2\/media\/178666"}],"wp:attachment":[{"href":"https:\/\/baldumarket.lt\/lt\/wp-json\/wp\/v2\/media?parent=178564"}],"wp:term":[{"taxonomy":"product_brand","embeddable":true,"href":"https:\/\/baldumarket.lt\/lt\/wp-json\/wp\/v2\/product_brand?post=178564"},{"taxonomy":"product_cat","embeddable":true,"href":"https:\/\/baldumarket.lt\/lt\/wp-json\/wp\/v2\/product_cat?post=178564"},{"taxonomy":"product_tag","embeddable":true,"href":"https:\/\/baldumarket.lt\/lt\/wp-json\/wp\/v2\/product_tag?post=178564"}],"curies":[{"name":"wp","href":"https:\/\/api.w.org\/{rel}","templated":true}]}}