{"id":178560,"date":"2025-12-20T23:29:41","date_gmt":"2025-12-20T20:29:41","guid":{"rendered":"https:\/\/baldumarket.lt\/?post_type=product&#038;p=178560"},"modified":"2026-02-12T10:14:04","modified_gmt":"2026-02-12T07:14:04","slug":"naroznik-fiord-u2-120-funkcja-spania-pojemnik-gr1","status":"publish","type":"product","link":"https:\/\/baldumarket.lt\/lt\/product\/naroznik-fiord-u2-120-funkcja-spania-pojemnik-gr1\/","title":{"rendered":"Fiord U2 120 kampin\u0117 sofa, miegojimo funkcija, Gr1 konteineris"},"content":{"rendered":"<p>Kampin\u0117 sofa-lova \u201eFiord U2 120\u201c yra laimingos pasagos formos. Jos i\u0161skirtin\u012f, modern\u0173 dizain\u0105 pabr\u0117\u017eia stori apvadai kra\u0161tuose. Sofoje yra erdvus patalyn\u0117s skyrius, o d\u0117l miegojimo funkcijos \u201eDL\u201c ji greitai ir lengvai transformuojasi i\u0161 patogios sofos \u012f erdvi\u0105 miegojimo viet\u0105. Kampin\u0119 sof\u0105 reikia minimaliai surinkti, ji tiekiama kair\u0117s ir de\u0161in\u0117s pus\u0117s versijomis. Komplekt\u0105 galima \u012fsigyti su pla\u010diu audini\u0173 pasirinkimu, kur\u012f galite rasti \u201eProduct Creator\u201c svetain\u0117je.<\/p>","protected":false},"excerpt":{"rendered":"<p>Plotis: 329 cm<br \/>\nGylis: 195 cm<br \/>\nAuk\u0161tis: 85 cm<br \/>\nGylis 2: 167 cm<br \/>\nS\u0117dyn\u0117s gylis: 56 cm<\/p>","protected":false},"featured_media":178655,"comment_status":"open","ping_status":"closed","template":"","meta":[],"product_brand":[],"product_cat":[9546,616,1982,4635],"product_tag":[],"class_list":{"0":"post-178560","1":"product","2":"type-product","3":"status-publish","4":"has-post-thumbnail","6":"product_cat-corner-sofas-piaski","7":"product_cat-corners","8":"product_cat-corners-u","9":"product_cat-piaski","11":"first","12":"instock","13":"shipping-taxable","14":"purchasable","15":"product-type-variable","16":"wvs-archive-product-wrapper"},"_links":{"self":[{"href":"https:\/\/baldumarket.lt\/lt\/wp-json\/wp\/v2\/product\/178560","targetHints":{"allow":["GET"]}}],"collection":[{"href":"https:\/\/baldumarket.lt\/lt\/wp-json\/wp\/v2\/product"}],"about":[{"href":"https:\/\/baldumarket.lt\/lt\/wp-json\/wp\/v2\/types\/product"}],"replies":[{"embeddable":true,"href":"https:\/\/baldumarket.lt\/lt\/wp-json\/wp\/v2\/comments?post=178560"}],"wp:featuredmedia":[{"embeddable":true,"href":"https:\/\/baldumarket.lt\/lt\/wp-json\/wp\/v2\/media\/178655"}],"wp:attachment":[{"href":"https:\/\/baldumarket.lt\/lt\/wp-json\/wp\/v2\/media?parent=178560"}],"wp:term":[{"taxonomy":"product_brand","embeddable":true,"href":"https:\/\/baldumarket.lt\/lt\/wp-json\/wp\/v2\/product_brand?post=178560"},{"taxonomy":"product_cat","embeddable":true,"href":"https:\/\/baldumarket.lt\/lt\/wp-json\/wp\/v2\/product_cat?post=178560"},{"taxonomy":"product_tag","embeddable":true,"href":"https:\/\/baldumarket.lt\/lt\/wp-json\/wp\/v2\/product_tag?post=178560"}],"curies":[{"name":"wp","href":"https:\/\/api.w.org\/{rel}","templated":true}]}}