{"id":178558,"date":"2025-12-20T23:29:39","date_gmt":"2025-12-20T20:29:39","guid":{"rendered":"https:\/\/baldumarket.lt\/?post_type=product&#038;p=178558"},"modified":"2026-02-12T10:14:04","modified_gmt":"2026-02-12T07:14:04","slug":"naroznik-fiord-u1-funkcja-spania-pojemnik-gr1","status":"publish","type":"product","link":"https:\/\/baldumarket.lt\/lt\/product\/naroznik-fiord-u1-funkcja-spania-pojemnik-gr1\/","title":{"rendered":"Fiord U1 kampin\u0117 sofa, miegojimo funkcija, Gr1 konteineris"},"content":{"rendered":"<p>Moderni kampin\u0117 sofa \u201eFiord U1\u201c pasi\u017eymi i\u0161skirtine U forma. I\u0161skirtin\u012f baldo stili\u0173 pabr\u0117\u017eia dekoratyviniai apvadai, \u012fr\u0117minantys komplekto kra\u0161tus. Jis puikiai der\u0117s prie modernaus interjero ir taps i\u0161skirtiniu akcentu. Komplekte yra erdvi patalyn\u0117s d\u0117\u017e\u0117, o d\u0117l miegojimo funkcijos \u201eDL\u201c jis greitai ir lengvai transformuojasi i\u0161 patogios sofos \u012f erdvi\u0105 miegojimo viet\u0105. Sofa i\u0161siskleid\u017eia spyruoklini\u0173 mechanizm\u0173 pagalba. Kampin\u0119 sof\u0105 reikia minimaliai surinkti. Komplekt\u0105 galima \u012fsigyti su pla\u010diu audini\u0173 pasirinkimu, kur\u012f galite rasti \u201eProduct Creator\u201c svetain\u0117je.<\/p>","protected":false},"excerpt":{"rendered":"<p>Plotis: 358 cm<br \/>\nGylis: 167 cm<br \/>\nAuk\u0161tis: 85 cm<br \/>\nGylis 2: 167 cm<br \/>\nS\u0117dyn\u0117s gylis: 56 cm<\/p>","protected":false},"featured_media":178646,"comment_status":"open","ping_status":"closed","template":"","meta":[],"product_brand":[],"product_cat":[9546,616,1982,4635],"product_tag":[],"class_list":{"0":"post-178558","1":"product","2":"type-product","3":"status-publish","4":"has-post-thumbnail","6":"product_cat-corner-sofas-piaski","7":"product_cat-corners","8":"product_cat-corners-u","9":"product_cat-piaski","11":"first","12":"instock","13":"shipping-taxable","14":"purchasable","15":"product-type-variable","16":"wvs-archive-product-wrapper"},"_links":{"self":[{"href":"https:\/\/baldumarket.lt\/lt\/wp-json\/wp\/v2\/product\/178558","targetHints":{"allow":["GET"]}}],"collection":[{"href":"https:\/\/baldumarket.lt\/lt\/wp-json\/wp\/v2\/product"}],"about":[{"href":"https:\/\/baldumarket.lt\/lt\/wp-json\/wp\/v2\/types\/product"}],"replies":[{"embeddable":true,"href":"https:\/\/baldumarket.lt\/lt\/wp-json\/wp\/v2\/comments?post=178558"}],"wp:featuredmedia":[{"embeddable":true,"href":"https:\/\/baldumarket.lt\/lt\/wp-json\/wp\/v2\/media\/178646"}],"wp:attachment":[{"href":"https:\/\/baldumarket.lt\/lt\/wp-json\/wp\/v2\/media?parent=178558"}],"wp:term":[{"taxonomy":"product_brand","embeddable":true,"href":"https:\/\/baldumarket.lt\/lt\/wp-json\/wp\/v2\/product_brand?post=178558"},{"taxonomy":"product_cat","embeddable":true,"href":"https:\/\/baldumarket.lt\/lt\/wp-json\/wp\/v2\/product_cat?post=178558"},{"taxonomy":"product_tag","embeddable":true,"href":"https:\/\/baldumarket.lt\/lt\/wp-json\/wp\/v2\/product_tag?post=178558"}],"curies":[{"name":"wp","href":"https:\/\/api.w.org\/{rel}","templated":true}]}}