{"id":178556,"date":"2025-12-20T23:29:38","date_gmt":"2025-12-20T20:29:38","guid":{"rendered":"https:\/\/baldumarket.lt\/?post_type=product&#038;p=178556"},"modified":"2026-02-12T10:14:04","modified_gmt":"2026-02-12T07:14:04","slug":"naroznik-fiord-o-funkcja-spania-pojemnik-gr1","status":"publish","type":"product","link":"https:\/\/baldumarket.lt\/lt\/product\/naroznik-fiord-o-funkcja-spania-pojemnik-gr1\/","title":{"rendered":"\u201eFiord O\u201c kampin\u0117 sofa, miegojimo funkcija, Gr1 konteineris"},"content":{"rendered":"<p>Patogi kampin\u0117 sofa \u201eFiord O\u201c \u017eavi minimalistine forma ir kubistiniu stiliumi. Paprastas stilius be nereikaling\u0173 puo\u0161men\u0173 pabr\u0117\u017eia \u0161iuolaiki\u0161k\u0105 ir tiesiog asketi\u0161k\u0105 komplekto charakter\u012f. S\u0117dyn\u0117s pagalv\u0117li\u0173, nugaros pagalv\u0117li\u0173, r\u0117m\u0173 ir \u012fsp\u016bding\u0173 poranki\u0173 kra\u0161tai pary\u0161kinti storais apvadais. Dekoratyviniu audiniu aptrauktas atlo\u0161as leid\u017eia kampin\u0119 sof\u0105 pastatyti bet kokiu atstumu nuo sienos, taip sukuriant papildomas interjero dizaino galimybes. Sofa turi DL dienos miego funkcij\u0105 su spyruokliniu mechanizmu, kuris padeda i\u0161skleisti komplekt\u0105. Erdviame ir labai prakti\u0161kame patalyn\u0117s skyriuje taip pat tilps papildomos antklod\u0117s, pagalv\u0117s ir lovaties\u0117s. Kampin\u0117 sofa yra de\u0161inin\u0117s ir kair\u0117s pus\u0117s, o pati sofa si\u016bloma su pla\u010diu audini\u0173 asortimentu. Apmu\u0161al\u0173 audini\u0173 pavyzd\u017eius rasite gaminio k\u016br\u0117jo dokumente. Komplekt\u0105 reikia surinkti minimaliai.<\/p>","protected":false},"excerpt":{"rendered":"<p>Plotis: 275 cm<br \/>\nGylis: 167 cm<br \/>\nAuk\u0161tis: 85 cm<br \/>\nS\u0117dyn\u0117s gylis: 56 cm<br \/>\nS\u0117dyn\u0117s auk\u0161tis: 42 cm<\/p>","protected":false},"featured_media":178639,"comment_status":"open","ping_status":"closed","template":"","meta":[],"product_brand":[],"product_cat":[9546,616,1983,4635],"product_tag":[],"class_list":{"0":"post-178556","1":"product","2":"type-product","3":"status-publish","4":"has-post-thumbnail","6":"product_cat-corner-sofas-piaski","7":"product_cat-corners","8":"product_cat-corners-l","9":"product_cat-piaski","11":"first","12":"instock","13":"shipping-taxable","14":"purchasable","15":"product-type-variable","16":"wvs-archive-product-wrapper"},"_links":{"self":[{"href":"https:\/\/baldumarket.lt\/lt\/wp-json\/wp\/v2\/product\/178556","targetHints":{"allow":["GET"]}}],"collection":[{"href":"https:\/\/baldumarket.lt\/lt\/wp-json\/wp\/v2\/product"}],"about":[{"href":"https:\/\/baldumarket.lt\/lt\/wp-json\/wp\/v2\/types\/product"}],"replies":[{"embeddable":true,"href":"https:\/\/baldumarket.lt\/lt\/wp-json\/wp\/v2\/comments?post=178556"}],"wp:featuredmedia":[{"embeddable":true,"href":"https:\/\/baldumarket.lt\/lt\/wp-json\/wp\/v2\/media\/178639"}],"wp:attachment":[{"href":"https:\/\/baldumarket.lt\/lt\/wp-json\/wp\/v2\/media?parent=178556"}],"wp:term":[{"taxonomy":"product_brand","embeddable":true,"href":"https:\/\/baldumarket.lt\/lt\/wp-json\/wp\/v2\/product_brand?post=178556"},{"taxonomy":"product_cat","embeddable":true,"href":"https:\/\/baldumarket.lt\/lt\/wp-json\/wp\/v2\/product_cat?post=178556"},{"taxonomy":"product_tag","embeddable":true,"href":"https:\/\/baldumarket.lt\/lt\/wp-json\/wp\/v2\/product_tag?post=178556"}],"curies":[{"name":"wp","href":"https:\/\/api.w.org\/{rel}","templated":true}]}}