{"id":178554,"date":"2025-12-20T23:29:36","date_gmt":"2025-12-20T20:29:36","guid":{"rendered":"https:\/\/baldumarket.lt\/?post_type=product&#038;p=178554"},"modified":"2026-02-12T10:14:04","modified_gmt":"2026-02-12T07:14:04","slug":"naroznik-fiord-m-funkcja-spania-pojemnik-gr1","status":"publish","type":"product","link":"https:\/\/baldumarket.lt\/lt\/product\/naroznik-fiord-m-funkcja-spania-pojemnik-gr1\/","title":{"rendered":"\u201eFiord M\u201c kampin\u0117 sofa, miegojimo funkcija, Gr1 konteineris"},"content":{"rendered":"<p>Gra\u017ei ir patogi kampin\u0117 sofa \u201eFiord M\u201c traukia d\u0117mes\u012f patraukliu dizainu ir auk\u0161tos kokyb\u0117s meistri\u0161kumu. Komplektas pabr\u0117\u017eia savo presti\u017ein\u012f ir modern\u0173 charakter\u012f paprastomis stiliaus linijomis, kurias pary\u0161kina stori apvadai palei kampin\u0117s sofos kra\u0161tus. D\u0117l sant\u016braus, \u0161iuolaiki\u0161ko stiliaus jis puikiai tinka tiek modernioms, tiek klasikin\u0117ms svetain\u0117ms. Dekoratyviniu audiniu aptraukta atlo\u0161as leid\u017eia komplekt\u0105 pastatyti bet kokiu atstumu nuo sienos, atveriant papildomas interjero dizaino ir pa\u010di\u0173 bald\u0173 pasirinkimo galimybes. Kampin\u0117 sofa turi DL dienos miegojimo funkcij\u0105, kuri greitai ir lengvai paver\u010dia patogi\u0105 sof\u0105 erdvia vieta poilsiui nakt\u012f ir dien\u0105. Automatiniai spyruokliniai mechanizmai padeda i\u0161lankstyti \u0161i\u0105 funkcij\u0105. Erdvus ir labai prakti\u0161kas patalyn\u0117s skyrius taip pat tilps papildomos antklod\u0117s, pagalv\u0117s ir lovaties\u0117s. Komplektas pristatomas minimaliai surinktas ir yra tiek de\u0161inin\u0117s, tiek kair\u0117s pus\u0117s versijos. Apmu\u0161al\u0173 audini\u0173 pavyzd\u017eius galite rasti \u201eProduct Creator\u201c svetain\u0117je.<\/p>","protected":false},"excerpt":{"rendered":"<p>Plotis: 267 cm<br \/>\nGylis: 167 cm<br \/>\nAuk\u0161tis: 85 cm<br \/>\nS\u0117dyn\u0117s gylis: 64 cm<br \/>\nS\u0117dyn\u0117s auk\u0161tis: 43 cm<\/p>","protected":false},"featured_media":178628,"comment_status":"open","ping_status":"closed","template":"","meta":[],"product_brand":[],"product_cat":[9546,616,1983,4635],"product_tag":[],"class_list":{"0":"post-178554","1":"product","2":"type-product","3":"status-publish","4":"has-post-thumbnail","6":"product_cat-corner-sofas-piaski","7":"product_cat-corners","8":"product_cat-corners-l","9":"product_cat-piaski","11":"first","12":"instock","13":"shipping-taxable","14":"purchasable","15":"product-type-variable","16":"wvs-archive-product-wrapper"},"_links":{"self":[{"href":"https:\/\/baldumarket.lt\/lt\/wp-json\/wp\/v2\/product\/178554","targetHints":{"allow":["GET"]}}],"collection":[{"href":"https:\/\/baldumarket.lt\/lt\/wp-json\/wp\/v2\/product"}],"about":[{"href":"https:\/\/baldumarket.lt\/lt\/wp-json\/wp\/v2\/types\/product"}],"replies":[{"embeddable":true,"href":"https:\/\/baldumarket.lt\/lt\/wp-json\/wp\/v2\/comments?post=178554"}],"wp:featuredmedia":[{"embeddable":true,"href":"https:\/\/baldumarket.lt\/lt\/wp-json\/wp\/v2\/media\/178628"}],"wp:attachment":[{"href":"https:\/\/baldumarket.lt\/lt\/wp-json\/wp\/v2\/media?parent=178554"}],"wp:term":[{"taxonomy":"product_brand","embeddable":true,"href":"https:\/\/baldumarket.lt\/lt\/wp-json\/wp\/v2\/product_brand?post=178554"},{"taxonomy":"product_cat","embeddable":true,"href":"https:\/\/baldumarket.lt\/lt\/wp-json\/wp\/v2\/product_cat?post=178554"},{"taxonomy":"product_tag","embeddable":true,"href":"https:\/\/baldumarket.lt\/lt\/wp-json\/wp\/v2\/product_tag?post=178554"}],"curies":[{"name":"wp","href":"https:\/\/api.w.org\/{rel}","templated":true}]}}