{"id":178546,"date":"2025-12-20T23:29:28","date_gmt":"2025-12-20T20:29:28","guid":{"rendered":"https:\/\/baldumarket.lt\/?post_type=product&#038;p=178546"},"modified":"2026-02-12T10:14:13","modified_gmt":"2026-02-12T07:14:13","slug":"naroznik-blues-u2-funkcja-spania-pojemnik-regulowane-zaglowki-gr1","status":"publish","type":"product","link":"https:\/\/baldumarket.lt\/lt\/product\/naroznik-blues-u2-funkcja-spania-pojemnik-regulowane-zaglowki-gr1\/","title":{"rendered":"\u201eBlues U2\u201c kampin\u0117 sofa, miegojimo funkcija, konteineris, reguliuojamos galvos atramos Gr1"},"content":{"rendered":"<p>Patraukli kampin\u0117 sofa \u201eBlues U2\u201c yra laimingos pasagos formos. Modernus, sant\u016brus dizainas leid\u017eia jai papildyti beveik bet kok\u012f \u0161iuolaikin\u012f interjero stili\u0173. Komplekte yra erdvus patalyn\u0117s skyrius, o d\u0117l \u201eDolphin\u201c miegojimo funkcijos jis greitai ir lengvai transformuojasi i\u0161 patogios sofos \u012f erdvi\u0105 miegojimo viet\u0105. Reguliuojamos galvos atramos padidina komfort\u0105 \u017ei\u016brint m\u0117gstamus serialus. Kampin\u0119 sof\u0105 reikia minimaliai surinkti, ji tiekiama kairiarankiams, tiek de\u0161iniarankiams. Komplekt\u0105 galima \u012fsigyti su \u012fvairiais audiniais, kuriuos galite rasti pas produkt\u0173 k\u016br\u0117j\u0105.<\/p>","protected":false},"excerpt":{"rendered":"<p>Plotis: 353 cm<br \/>\nGylis: 214 cm<br \/>\nAuk\u0161tis: 75 cm<br \/>\nGylis 2: 182 cm<br \/>\nDid\u017eiausias auk\u0161tis: 94 cm<\/p>","protected":false},"featured_media":178594,"comment_status":"open","ping_status":"closed","template":"","meta":[],"product_brand":[],"product_cat":[9546,616,1982,4635],"product_tag":[],"class_list":{"0":"post-178546","1":"product","2":"type-product","3":"status-publish","4":"has-post-thumbnail","6":"product_cat-corner-sofas-piaski","7":"product_cat-corners","8":"product_cat-corners-u","9":"product_cat-piaski","11":"first","12":"instock","13":"shipping-taxable","14":"purchasable","15":"product-type-variable","16":"wvs-archive-product-wrapper"},"_links":{"self":[{"href":"https:\/\/baldumarket.lt\/lt\/wp-json\/wp\/v2\/product\/178546","targetHints":{"allow":["GET"]}}],"collection":[{"href":"https:\/\/baldumarket.lt\/lt\/wp-json\/wp\/v2\/product"}],"about":[{"href":"https:\/\/baldumarket.lt\/lt\/wp-json\/wp\/v2\/types\/product"}],"replies":[{"embeddable":true,"href":"https:\/\/baldumarket.lt\/lt\/wp-json\/wp\/v2\/comments?post=178546"}],"wp:featuredmedia":[{"embeddable":true,"href":"https:\/\/baldumarket.lt\/lt\/wp-json\/wp\/v2\/media\/178594"}],"wp:attachment":[{"href":"https:\/\/baldumarket.lt\/lt\/wp-json\/wp\/v2\/media?parent=178546"}],"wp:term":[{"taxonomy":"product_brand","embeddable":true,"href":"https:\/\/baldumarket.lt\/lt\/wp-json\/wp\/v2\/product_brand?post=178546"},{"taxonomy":"product_cat","embeddable":true,"href":"https:\/\/baldumarket.lt\/lt\/wp-json\/wp\/v2\/product_cat?post=178546"},{"taxonomy":"product_tag","embeddable":true,"href":"https:\/\/baldumarket.lt\/lt\/wp-json\/wp\/v2\/product_tag?post=178546"}],"curies":[{"name":"wp","href":"https:\/\/api.w.org\/{rel}","templated":true}]}}