{"id":178544,"date":"2025-12-20T23:29:26","date_gmt":"2025-12-20T20:29:26","guid":{"rendered":"https:\/\/baldumarket.lt\/?post_type=product&#038;p=178544"},"modified":"2026-02-12T10:14:13","modified_gmt":"2026-02-12T07:14:13","slug":"naroznik-blues-m-funkcja-spania-pojemnik-regulowane-zaglowki-gr1","status":"publish","type":"product","link":"https:\/\/baldumarket.lt\/lt\/product\/naroznik-blues-m-funkcja-spania-pojemnik-regulowane-zaglowki-gr1\/","title":{"rendered":"\u201eBlues M\u201c kampin\u0117 sofa, miegojimo funkcija, konteineris, reguliuojamos galvos atramos Gr1"},"content":{"rendered":"<p>Moderni \u201eBlues M\u201c kampin\u0117 sofa su miegojimo funkcija yra i\u0161skirtin\u0117s L formos. Pagaminta i\u0161 auk\u0161tos kokyb\u0117s med\u017eiag\u0173, ji garantuoja ilgamet\u012f naudojim\u0105 be r\u016bpes\u010di\u0173. Kampin\u0117 sofa puikiai dera su \u0161iuolaikin\u0117mis interjero dizaino tendencijomis, suteikdama kambariams harmonijos ir presti\u017eo. Dekoratyviniu audiniu aptrauktas atlo\u0161as leid\u017eia sof\u0105 pastatyti bet kokiu atstumu nuo sienos, atverdamas papildomas dizaino galimybes tiek interjerui, tiek patiems baldams. Kampin\u0117 sofa turi \u201eDelfin\u201c miegojimo funkcij\u0105, greitai ir lengvai paver\u010dian\u010di\u0105 patogi\u0105 sof\u0105 erdvia vieta tiek naktiniam, tiek dienos poilsiui. Erdvioje ir labai prakti\u0161koje patalyn\u0117s d\u0117\u017e\u0117je taip pat yra papildom\u0173 antklod\u017ei\u0173, pagalvi\u0173 ir u\u017evalkal\u0173. Reguliuojamos galvos atramos leid\u017eia kiekvienam naudotojui rasti patogiausi\u0105 ir individualiausi\u0105 pad\u0117t\u012f. Komplektas stovi ant stabili\u0173, auk\u0161t\u0173 (15 cm) kojeli\u0173, tod\u0117l galima naudoti valymo ma\u0161inas, kad po kampine sofa b\u016bt\u0173 palaikoma \u0161vara. Jis tiekiamas de\u0161inin\u0117s ir kair\u0117s pus\u0117s versijomis ir su pla\u010diu audini\u0173 asortimentu. Apmu\u0161al\u0173 audini\u0173 pavyzd\u017eius galite rasti produkto k\u016br\u0117jo svetain\u0117je. Baldams reikia ma\u017eai surinkimo.<\/p>","protected":false},"excerpt":{"rendered":"<p>Plotis: 288 cm<br \/>\nGylis: 182 cm<br \/>\nAuk\u0161tis: 75 cm<br \/>\nDid\u017eiausias auk\u0161tis: 94 cm<br \/>\nS\u0117dyn\u0117s gylis: 55 cm<\/p>","protected":false},"featured_media":178587,"comment_status":"open","ping_status":"closed","template":"","meta":[],"product_brand":[],"product_cat":[9546,616,1983,4635],"product_tag":[],"class_list":{"0":"post-178544","1":"product","2":"type-product","3":"status-publish","4":"has-post-thumbnail","6":"product_cat-corner-sofas-piaski","7":"product_cat-corners","8":"product_cat-corners-l","9":"product_cat-piaski","11":"first","12":"instock","13":"shipping-taxable","14":"purchasable","15":"product-type-variable","16":"wvs-archive-product-wrapper"},"_links":{"self":[{"href":"https:\/\/baldumarket.lt\/lt\/wp-json\/wp\/v2\/product\/178544","targetHints":{"allow":["GET"]}}],"collection":[{"href":"https:\/\/baldumarket.lt\/lt\/wp-json\/wp\/v2\/product"}],"about":[{"href":"https:\/\/baldumarket.lt\/lt\/wp-json\/wp\/v2\/types\/product"}],"replies":[{"embeddable":true,"href":"https:\/\/baldumarket.lt\/lt\/wp-json\/wp\/v2\/comments?post=178544"}],"wp:featuredmedia":[{"embeddable":true,"href":"https:\/\/baldumarket.lt\/lt\/wp-json\/wp\/v2\/media\/178587"}],"wp:attachment":[{"href":"https:\/\/baldumarket.lt\/lt\/wp-json\/wp\/v2\/media?parent=178544"}],"wp:term":[{"taxonomy":"product_brand","embeddable":true,"href":"https:\/\/baldumarket.lt\/lt\/wp-json\/wp\/v2\/product_brand?post=178544"},{"taxonomy":"product_cat","embeddable":true,"href":"https:\/\/baldumarket.lt\/lt\/wp-json\/wp\/v2\/product_cat?post=178544"},{"taxonomy":"product_tag","embeddable":true,"href":"https:\/\/baldumarket.lt\/lt\/wp-json\/wp\/v2\/product_tag?post=178544"}],"curies":[{"name":"wp","href":"https:\/\/api.w.org\/{rel}","templated":true}]}}