{"id":178531,"date":"2025-12-20T22:37:47","date_gmt":"2025-12-20T19:37:47","guid":{"rendered":"https:\/\/baldumarket.lt\/product\/zestaw-nordi-dab-artisan\/"},"modified":"2026-04-05T16:10:47","modified_gmt":"2026-04-05T13:10:47","slug":"zestaw-nordi-dab-artisan","status":"publish","type":"product","link":"https:\/\/baldumarket.lt\/lt\/product\/zestaw-nordi-dab-artisan\/","title":{"rendered":"Nordi rinkinys \u2013 Artisan Oak"},"content":{"rendered":"<p>Ne\u012fprastas ARTISAN \u0104\u017dUOLO medienos su juoda apdaila ir auk\u0161ta kojele, kurios forma atkartoja fasadus, derinys nustebins j\u016bs\u0173 interjer\u0105. Kolekcijos element\u0173 gausa u\u017etikrins, kad niekada nepritr\u016bksite id\u0117j\u0173 \u012fdomiems i\u0161d\u0117stymams. Subtilus formos charakteris, pabr\u0117\u017eiamas su\u0161velnint\u0173 kra\u0161t\u0173, suteiks j\u016bs\u0173 interjerui lengvumo ir erdvumo poj\u016bt\u012f. Korpusas padengtas ABS plastiku.<br \/>\nMDF apdaila<br \/>\nMDF fasadai<br \/>\nMediniai apdailos elementai<br \/>\nRinkin\u012f sudaro \u0161ie elementai: (plotis\/auk\u0161tis\/gylis)<br \/>\nKavos staliukas \u2013 NRTV107 107\/50\/40<br \/>\nKomoda \u2013 NKSZ160 160\/83\/40<br \/>\nVitrina \u2013 NWT53 53\/197\/40<br \/>\nTelevizoriaus staliukas \u2013 NRTV160 160\/50\/40<br \/>\nLentyna \u2013 P107 107\/17\/19<br \/>\nVitrina \u2013 NWT90 90\/134\/40<\/p>","protected":false},"excerpt":{"rendered":"<p>The unusual combination of ARTISAN OAK with a black finish and a tall leg, whose shape echoes the fronts, will surprise your interior. The multitude of elements in the collection will ensure you&#8217;ll never run out of ideas for interesting arrangements. The subtle character of the form, emphasized by softened edges, will give your interior [&hellip;]<\/p>","protected":false},"featured_media":178532,"comment_status":"open","ping_status":"open","template":"","meta":[],"product_brand":[],"product_cat":[9572,9115,4635,2008],"product_tag":[],"class_list":{"0":"post-178531","1":"product","2":"type-product","3":"status-publish","4":"has-post-thumbnail","6":"product_cat-furniture-system-nordi-piaski","7":"product_cat-nordi","8":"product_cat-piaski","9":"product_cat-wall-units","11":"first","12":"instock","13":"purchasable","14":"product-type-simple"},"_links":{"self":[{"href":"https:\/\/baldumarket.lt\/lt\/wp-json\/wp\/v2\/product\/178531","targetHints":{"allow":["GET"]}}],"collection":[{"href":"https:\/\/baldumarket.lt\/lt\/wp-json\/wp\/v2\/product"}],"about":[{"href":"https:\/\/baldumarket.lt\/lt\/wp-json\/wp\/v2\/types\/product"}],"replies":[{"embeddable":true,"href":"https:\/\/baldumarket.lt\/lt\/wp-json\/wp\/v2\/comments?post=178531"}],"wp:featuredmedia":[{"embeddable":true,"href":"https:\/\/baldumarket.lt\/lt\/wp-json\/wp\/v2\/media\/178532"}],"wp:attachment":[{"href":"https:\/\/baldumarket.lt\/lt\/wp-json\/wp\/v2\/media?parent=178531"}],"wp:term":[{"taxonomy":"product_brand","embeddable":true,"href":"https:\/\/baldumarket.lt\/lt\/wp-json\/wp\/v2\/product_brand?post=178531"},{"taxonomy":"product_cat","embeddable":true,"href":"https:\/\/baldumarket.lt\/lt\/wp-json\/wp\/v2\/product_cat?post=178531"},{"taxonomy":"product_tag","embeddable":true,"href":"https:\/\/baldumarket.lt\/lt\/wp-json\/wp\/v2\/product_tag?post=178531"}],"curies":[{"name":"wp","href":"https:\/\/api.w.org\/{rel}","templated":true}]}}