{"id":178523,"date":"2025-12-20T22:37:37","date_gmt":"2025-12-20T19:37:37","guid":{"rendered":"https:\/\/baldumarket.lt\/product\/zestaw-nordi-bialy-polysk\/"},"modified":"2026-04-05T16:10:47","modified_gmt":"2026-04-05T13:10:47","slug":"zestaw-nordi-bialy-polysk","status":"publish","type":"product","link":"https:\/\/baldumarket.lt\/lt\/product\/zestaw-nordi-bialy-polysk\/","title":{"rendered":"Nordi rinkinys \u2013 baltas blizgus"},"content":{"rendered":"<p>\u201eNordi\u201c skandinavi\u0161ki baldai \u2013 tai \u012fkv\u0117pti baldai, kurie gra\u017eiai derina klasikin\u012f stili\u0173 su modernaus paprastumo. Visi \u201eNordi\u201c baldai yra tvirtai pagaminti i\u0161 auk\u0161tos kokyb\u0117s med\u017eiag\u0173.<br \/>\n\u201eNordi\u201c bald\u0173 sistem\u0105 sudaro 10 dali\u0173, kurios yra \u0161i\u0173 spalv\u0173: blizgi balta su \u201eRiviera\u201c \u0105\u017euolo \u012fd\u0117klu.<br \/>\n\u012e rinkin\u012f \u012feina:<br \/>\nNKSZ 160 komoda<br \/>\nNWT53 vitrina<br \/>\nNRTV 160 televizoriaus stovas<br \/>\nNWT90 vitrina<br \/>\nNL107 kavos staliukas<br \/>\nP107 lentyna<\/p>","protected":false},"excerpt":{"rendered":"<p>\u201eNordi\u201c skandinavi\u0161ki baldai \u2013 tai \u012fkv\u0117pti baldai, kurie gra\u017eiai derina klasikin\u012f stili\u0173 su modern\u0173 paprastum\u0105. Visi \u201eNordi\u201c baldai yra tvirtai pagaminti i\u0161 auk\u0161tos kokyb\u0117s med\u017eiag\u0173. \u201eNordi\u201c bald\u0173 sistem\u0105 sudaro 10 dali\u0173, kurios yra \u0161i\u0173 spalv\u0173: blizgi balta su \u201eRiviera\u201c \u0105\u017euolo \u012fd\u0117klu. Komplekt\u0105 sudaro: NKSZ 160 komoda NWT53 vitrina NRTV [\u2026]<\/p>","protected":false},"featured_media":178524,"comment_status":"open","ping_status":"open","template":"","meta":[],"product_brand":[],"product_cat":[9572,9115,4635,2008],"product_tag":[],"class_list":{"0":"post-178523","1":"product","2":"type-product","3":"status-publish","4":"has-post-thumbnail","6":"product_cat-furniture-system-nordi-piaski","7":"product_cat-nordi","8":"product_cat-piaski","9":"product_cat-wall-units","11":"first","12":"instock","13":"purchasable","14":"product-type-simple"},"_links":{"self":[{"href":"https:\/\/baldumarket.lt\/lt\/wp-json\/wp\/v2\/product\/178523","targetHints":{"allow":["GET"]}}],"collection":[{"href":"https:\/\/baldumarket.lt\/lt\/wp-json\/wp\/v2\/product"}],"about":[{"href":"https:\/\/baldumarket.lt\/lt\/wp-json\/wp\/v2\/types\/product"}],"replies":[{"embeddable":true,"href":"https:\/\/baldumarket.lt\/lt\/wp-json\/wp\/v2\/comments?post=178523"}],"wp:featuredmedia":[{"embeddable":true,"href":"https:\/\/baldumarket.lt\/lt\/wp-json\/wp\/v2\/media\/178524"}],"wp:attachment":[{"href":"https:\/\/baldumarket.lt\/lt\/wp-json\/wp\/v2\/media?parent=178523"}],"wp:term":[{"taxonomy":"product_brand","embeddable":true,"href":"https:\/\/baldumarket.lt\/lt\/wp-json\/wp\/v2\/product_brand?post=178523"},{"taxonomy":"product_cat","embeddable":true,"href":"https:\/\/baldumarket.lt\/lt\/wp-json\/wp\/v2\/product_cat?post=178523"},{"taxonomy":"product_tag","embeddable":true,"href":"https:\/\/baldumarket.lt\/lt\/wp-json\/wp\/v2\/product_tag?post=178523"}],"curies":[{"name":"wp","href":"https:\/\/api.w.org\/{rel}","templated":true}]}}