{"id":178515,"date":"2025-12-20T22:37:26","date_gmt":"2025-12-20T19:37:26","guid":{"rendered":"https:\/\/baldumarket.lt\/product\/zestaw-mebli-glamour-z-oswietleniem-sento-kaszmir\/"},"modified":"2026-04-05T15:17:47","modified_gmt":"2026-04-05T12:17:47","slug":"zestaw-mebli-glamour-z-oswietleniem-sento-kaszmir","status":"publish","type":"product","link":"https:\/\/baldumarket.lt\/lt\/product\/zestaw-mebli-glamour-z-oswietleniem-sento-kaszmir\/","title":{"rendered":"Sento ka\u0161myro puo\u0161nus bald\u0173 komplektas su ap\u0161vietimu"},"content":{"rendered":"<p>Pristatome \u201eSento\u201c sistem\u0105 \u2013 frezuoto priekio ir aliuminio r\u0117mo derin\u012f su \u0161iltu LED ap\u0161vietimu. \u0160i kolekcija d\u017eiugina ir sukelia did\u017eiul\u012f susidom\u0117jim\u0105.<br \/>\n\u201eSento\u201c sudaro septynios spintel\u0117s: dvi \u017eemos ir auk\u0161tos vitrinos, televizoriaus staliukas, naktinis staliukas ir trys komodos, i\u0161d\u0117stytos \u012fvairiomis konfig\u016bracijomis. Spintel\u0117s sumontuotos ant plienini\u0173 kojeli\u0173.<br \/>\nSpecifikacijos:<br \/>\nR\u0117mas: 16 mm laminuota plok\u0161t\u0117; 0,5 mm ABS kra\u0161tas<br \/>\nPriekin\u0117 dalis: 18 mm da\u017eyta MDF plok\u0161t\u0117, frezuota<br \/>\n4 mm juodas gr\u016bdintas stiklas (antisol) + 18 mm aliuminio r\u0117mas<br \/>\nKojel\u0117s: 18 x 18 plieninis profilis, da\u017eytas milteliniu b\u016bdu, auksin\u0117s spalvos, auk\u0161tis 20 cm<br \/>\nAtidarymo b\u016bdas: atidaroma stumiant (Titus buferis)<br \/>\nLED ap\u0161vietimas<br \/>\nHafele vyriai<br \/>\nH-45 L-300 rutuliniais guoliais valdomi stumiant atidaromi b\u0117geliai su pilnu i\u0161traukimu, gamintojas H\u00e4fele<br \/>\nSpalva: ka\u0161myro, juoda \/ Wotano \u0105\u017euolo \u2013 galima \u012fsigyti:<br \/>\nhttps:\/\/meblem4.pl\/system-loftowy-sento,c1203.html<br \/>\n\u012e rinkin\u012f \u012feina:<br \/>\nSento WTSZ104 ka\u0161myro auk\u0161ta vitrina su ap\u0161vietimu \u2013 104\/166\/39 plotis\/auk\u0161tis\/gylis<br \/>\nSento RTV154 ka\u0161myro televizoriaus spintel\u0117 su ap\u0161vietimu \u2013 154\/56\/39 plotis\/auk\u0161tis\/gylis<br \/>\nSento K104 ka\u0161myro televizoriaus spintel\u0117 su ap\u0161vietimu \u2013 104\/83\/39 plotis\/auk\u0161tis\/gylis<\/p>","protected":false},"excerpt":{"rendered":"<p>Introducing the Sento system \u2013 a combination of a milled front and aluminum frame, topped with warm LED lighting. This collection delights and generates enormous interest. Sento consists of seven units: two low and tall display cabinets, a TV stand, a bedside table, and three chests of drawers in various configurations. The units are mounted [&hellip;]<\/p>","protected":false},"featured_media":178516,"comment_status":"open","ping_status":"open","template":"","meta":[],"product_brand":[],"product_cat":[9557,4635,2008],"product_tag":[],"class_list":{"0":"post-178515","1":"product","2":"type-product","3":"status-publish","4":"has-post-thumbnail","6":"product_cat-furniture-system-sento-piaski","7":"product_cat-piaski","8":"product_cat-wall-units","10":"first","11":"instock","12":"purchasable","13":"product-type-simple"},"_links":{"self":[{"href":"https:\/\/baldumarket.lt\/lt\/wp-json\/wp\/v2\/product\/178515","targetHints":{"allow":["GET"]}}],"collection":[{"href":"https:\/\/baldumarket.lt\/lt\/wp-json\/wp\/v2\/product"}],"about":[{"href":"https:\/\/baldumarket.lt\/lt\/wp-json\/wp\/v2\/types\/product"}],"replies":[{"embeddable":true,"href":"https:\/\/baldumarket.lt\/lt\/wp-json\/wp\/v2\/comments?post=178515"}],"wp:featuredmedia":[{"embeddable":true,"href":"https:\/\/baldumarket.lt\/lt\/wp-json\/wp\/v2\/media\/178516"}],"wp:attachment":[{"href":"https:\/\/baldumarket.lt\/lt\/wp-json\/wp\/v2\/media?parent=178515"}],"wp:term":[{"taxonomy":"product_brand","embeddable":true,"href":"https:\/\/baldumarket.lt\/lt\/wp-json\/wp\/v2\/product_brand?post=178515"},{"taxonomy":"product_cat","embeddable":true,"href":"https:\/\/baldumarket.lt\/lt\/wp-json\/wp\/v2\/product_cat?post=178515"},{"taxonomy":"product_tag","embeddable":true,"href":"https:\/\/baldumarket.lt\/lt\/wp-json\/wp\/v2\/product_tag?post=178515"}],"curies":[{"name":"wp","href":"https:\/\/api.w.org\/{rel}","templated":true}]}}