{"id":178500,"date":"2025-12-20T22:37:07","date_gmt":"2025-12-20T19:37:07","guid":{"rendered":"https:\/\/baldumarket.lt\/product\/zestaw-do-salonu-meble-bari-kaszmir\/"},"modified":"2026-04-05T16:10:47","modified_gmt":"2026-04-05T13:10:47","slug":"zestaw-do-salonu-meble-bari-kaszmir","status":"publish","type":"product","link":"https:\/\/baldumarket.lt\/lt\/product\/zestaw-do-salonu-meble-bari-kaszmir\/","title":{"rendered":"Bari ka\u0161myro svetain\u0117s bald\u0173 komplektas"},"content":{"rendered":"<p>\u201eBari\u201c kolekcija buvo sukurta atsi\u017evelgiant \u012f dabartines tendencijas \u2013 jos geometrin\u0117 forma ir spalva pabr\u0117\u017eia elegancij\u0105 ir modern\u0173 stili\u0173, kartu stipriai perteikdamos \u0161iuolaiki\u0161k\u0105 atmosfer\u0105.<br \/>\nSpecifikacijos:<br \/>\nR\u0117mas: 16 mm laminuota plok\u0161t\u0117; 0,5 mm ABS kra\u0161tas<br \/>\nPriekin\u0117 dalis: 16 mm laminuota plok\u0161t\u0117; 0,5 mm ABS kra\u0161tas<br \/>\nSistema be ranken\u0173<br \/>\nH\u00e4fele pasl\u0117pti vyriai<br \/>\nApval\u016bs kra\u0161tai<br \/>\nSpalva \u2013 Ka\u0161myras<br \/>\n\u012e rinkin\u012f \u012feina:<br \/>\nRG103 knyg\u0173 lentyna \u2013 103\/160\/39 cm (plotis\/auk\u0161tis\/gylis)<br \/>\n168 TV staliukas \u2013 168\/52\/39 cm (plotis\/auk\u0161tis\/gylis)<br \/>\nKSZ168 komoda \u2013 168\/84\/39 cm (plotis\/auk\u0161tis\/gylis)<br \/>\nK103 komoda \u2013 103\/132\/39 cm (plotis\/auk\u0161tis\/gylis)<\/p>","protected":false},"excerpt":{"rendered":"<p>The Bari collection was designed to align with current trends \u2013 its geometric form and color emphasize elegance and modern style, while also strongly referencing a contemporary atmosphere. Specifications: Frame: 16 mm laminated board; 0.5 mm ABS edging Front: 16 mm laminated board; 0.5 mm ABS edging Handle-free system H\u00e4fele concealed hinges Rounded edges Color [&hellip;]<\/p>","protected":false},"featured_media":178501,"comment_status":"open","ping_status":"open","template":"","meta":[],"product_brand":[],"product_cat":[9558,4635,2008],"product_tag":[],"class_list":{"0":"post-178500","1":"product","2":"type-product","3":"status-publish","4":"has-post-thumbnail","6":"product_cat-furniture-system-bari-piaski","7":"product_cat-piaski","8":"product_cat-wall-units","10":"first","11":"instock","12":"purchasable","13":"product-type-simple"},"_links":{"self":[{"href":"https:\/\/baldumarket.lt\/lt\/wp-json\/wp\/v2\/product\/178500","targetHints":{"allow":["GET"]}}],"collection":[{"href":"https:\/\/baldumarket.lt\/lt\/wp-json\/wp\/v2\/product"}],"about":[{"href":"https:\/\/baldumarket.lt\/lt\/wp-json\/wp\/v2\/types\/product"}],"replies":[{"embeddable":true,"href":"https:\/\/baldumarket.lt\/lt\/wp-json\/wp\/v2\/comments?post=178500"}],"wp:featuredmedia":[{"embeddable":true,"href":"https:\/\/baldumarket.lt\/lt\/wp-json\/wp\/v2\/media\/178501"}],"wp:attachment":[{"href":"https:\/\/baldumarket.lt\/lt\/wp-json\/wp\/v2\/media?parent=178500"}],"wp:term":[{"taxonomy":"product_brand","embeddable":true,"href":"https:\/\/baldumarket.lt\/lt\/wp-json\/wp\/v2\/product_brand?post=178500"},{"taxonomy":"product_cat","embeddable":true,"href":"https:\/\/baldumarket.lt\/lt\/wp-json\/wp\/v2\/product_cat?post=178500"},{"taxonomy":"product_tag","embeddable":true,"href":"https:\/\/baldumarket.lt\/lt\/wp-json\/wp\/v2\/product_tag?post=178500"}],"curies":[{"name":"wp","href":"https:\/\/api.w.org\/{rel}","templated":true}]}}