{"id":178493,"date":"2025-12-20T22:36:58","date_gmt":"2025-12-20T19:36:58","guid":{"rendered":"https:\/\/baldumarket.lt\/product\/zestaw-do-salonu-meble-bari-dab-vicenza\/"},"modified":"2026-04-05T16:10:47","modified_gmt":"2026-04-05T13:10:47","slug":"zestaw-do-salonu-meble-bari-dab-vicenza","status":"publish","type":"product","link":"https:\/\/baldumarket.lt\/lt\/product\/zestaw-do-salonu-meble-bari-dab-vicenza\/","title":{"rendered":"Bari \u0105\u017euolo Vicenza svetain\u0117s bald\u0173 komplektas"},"content":{"rendered":"<p>\u201eBari\u201c kolekcija buvo sukurta atsi\u017evelgiant \u012f dabartines tendencijas \u2013 jos geometrin\u0117 forma ir spalva pabr\u0117\u017eia elegancij\u0105 ir modern\u0173 stili\u0173, kartu stipriai remdamiesi skandinavi\u0161ku stiliumi.<br \/>\nSpecifikacijos:<br \/>\nKorpusas: 16 mm laminuota plok\u0161t\u0117; 0,5 mm ABS kra\u0161tai<br \/>\nPriekin\u0117 dalis: 16 mm laminuota plok\u0161t\u0117; 0,5 mm ABS kra\u0161tas<br \/>\nSistema be ranken\u0173<br \/>\nH\u00e4fele pasl\u0117pti vyriai<br \/>\nApval\u016bs kra\u0161tai<br \/>\nSpalva: Vi\u010dencos \u0105\u017euolas<br \/>\n\u012e rinkin\u012f \u012feina:<br \/>\nRG103 knyg\u0173 lentyna \u2013 103\/160\/39 cm (plotis\/auk\u0161tis\/gylis)<br \/>\nTelevizoriaus spintel\u0117 168\u2013168\/52\/39 cm (plotis\/auk\u0161tis\/gylis)<br \/>\nKSZ168 komoda \u2013 168\/84\/39 cm (plotis\/auk\u0161tis\/gylis)<\/p>","protected":false},"excerpt":{"rendered":"<p>\u201eBari\u201c kolekcija buvo sukurta atsi\u017evelgiant \u012f dabartines tendencijas \u2013 jos geometrin\u0117 forma ir spalva pabr\u0117\u017eia elegancij\u0105 ir modern\u0173 stili\u0173, kartu stipriai remdamiesi skandinavi\u0161ku stiliumi. Specifikacijos: Korpusas: 16 mm laminuota plok\u0161t\u0117; 0,5 mm ABS kra\u0161tas; Priekin\u0117 dalis: 16 mm laminuota plok\u0161t\u0117; 0,5 mm ABS kra\u0161tas; Be ranken\u0117li\u0173 sistema; \u201eH\u00e4fele\u201c pasl\u0117pti vyriai; Suapvalinti kra\u0161tai; Spalva: Vicenza \u0105\u017euolas [\u2026]<\/p>","protected":false},"featured_media":178494,"comment_status":"open","ping_status":"open","template":"","meta":[],"product_brand":[],"product_cat":[9558,4635,2008],"product_tag":[],"class_list":{"0":"post-178493","1":"product","2":"type-product","3":"status-publish","4":"has-post-thumbnail","6":"product_cat-furniture-system-bari-piaski","7":"product_cat-piaski","8":"product_cat-wall-units","10":"first","11":"instock","12":"purchasable","13":"product-type-simple"},"_links":{"self":[{"href":"https:\/\/baldumarket.lt\/lt\/wp-json\/wp\/v2\/product\/178493","targetHints":{"allow":["GET"]}}],"collection":[{"href":"https:\/\/baldumarket.lt\/lt\/wp-json\/wp\/v2\/product"}],"about":[{"href":"https:\/\/baldumarket.lt\/lt\/wp-json\/wp\/v2\/types\/product"}],"replies":[{"embeddable":true,"href":"https:\/\/baldumarket.lt\/lt\/wp-json\/wp\/v2\/comments?post=178493"}],"wp:featuredmedia":[{"embeddable":true,"href":"https:\/\/baldumarket.lt\/lt\/wp-json\/wp\/v2\/media\/178494"}],"wp:attachment":[{"href":"https:\/\/baldumarket.lt\/lt\/wp-json\/wp\/v2\/media?parent=178493"}],"wp:term":[{"taxonomy":"product_brand","embeddable":true,"href":"https:\/\/baldumarket.lt\/lt\/wp-json\/wp\/v2\/product_brand?post=178493"},{"taxonomy":"product_cat","embeddable":true,"href":"https:\/\/baldumarket.lt\/lt\/wp-json\/wp\/v2\/product_cat?post=178493"},{"taxonomy":"product_tag","embeddable":true,"href":"https:\/\/baldumarket.lt\/lt\/wp-json\/wp\/v2\/product_tag?post=178493"}],"curies":[{"name":"wp","href":"https:\/\/api.w.org\/{rel}","templated":true}]}}