{"id":178485,"date":"2025-12-20T22:36:48","date_gmt":"2025-12-20T19:36:48","guid":{"rendered":"https:\/\/baldumarket.lt\/product\/witryna-z-szafkami-wt104-japandi-kaszmir\/"},"modified":"2026-04-05T16:10:47","modified_gmt":"2026-04-05T13:10:47","slug":"witryna-z-szafkami-wt104-japandi-kaszmir","status":"publish","type":"product","link":"https:\/\/baldumarket.lt\/lt\/product\/witryna-z-szafkami-wt104-japandi-kaszmir\/","title":{"rendered":"Vitrina su spintel\u0117mis WT104 Japandi ka\u0161myras"},"content":{"rendered":"<p>\u201eJapandi\u201c kolekcija sukurta atsi\u017evelgiant \u012f dabartines tendencijas \u2013 ka\u0161myro apdaila pasi\u017eymi frezuotais fasadais, kurie atidaromi juodomis metalin\u0117mis ranken\u0117l\u0117mis.<br \/>\nSpecifikacijos:<br \/>\nKorpusas: 16 mm laminuota plok\u0161t\u0117 + 0,5 mm ABS kra\u0161tas<br \/>\nPriekin\u0117s dalys: frezuota laminuota plok\u0161t\u0117 + 0,5 mm ABS apvadas<br \/>\nRankena: juoda metalin\u0117 ranken\u0117l\u0117<br \/>\nKoja: juodai da\u017eyta mediena<br \/>\nHaefele \u0161velnaus u\u017edarymo vyriai<br \/>\nSpalva:<br \/>\nK\u016bnas ir priekis: ka\u0161myras<br \/>\nJapandi ka\u0161myro vitrina \u2013 turi dvi spinteles ir lentyn\u0105 su grioveliais.<\/p>","protected":false},"excerpt":{"rendered":"<p>Plotis [cm] 103,5<br \/>\ngylis [cm] 39<br \/>\n\u016agis [cm] 184,6<\/p>","protected":false},"featured_media":178486,"comment_status":"open","ping_status":"open","template":"","meta":[],"product_brand":[],"product_cat":[9562,4635,2006],"product_tag":[],"class_list":{"0":"post-178485","1":"product","2":"type-product","3":"status-publish","4":"has-post-thumbnail","6":"product_cat-furniture-system-japandi-piaski","7":"product_cat-piaski","8":"product_cat-vitrines","10":"first","11":"instock","12":"purchasable","13":"product-type-simple"},"_links":{"self":[{"href":"https:\/\/baldumarket.lt\/lt\/wp-json\/wp\/v2\/product\/178485","targetHints":{"allow":["GET"]}}],"collection":[{"href":"https:\/\/baldumarket.lt\/lt\/wp-json\/wp\/v2\/product"}],"about":[{"href":"https:\/\/baldumarket.lt\/lt\/wp-json\/wp\/v2\/types\/product"}],"replies":[{"embeddable":true,"href":"https:\/\/baldumarket.lt\/lt\/wp-json\/wp\/v2\/comments?post=178485"}],"wp:featuredmedia":[{"embeddable":true,"href":"https:\/\/baldumarket.lt\/lt\/wp-json\/wp\/v2\/media\/178486"}],"wp:attachment":[{"href":"https:\/\/baldumarket.lt\/lt\/wp-json\/wp\/v2\/media?parent=178485"}],"wp:term":[{"taxonomy":"product_brand","embeddable":true,"href":"https:\/\/baldumarket.lt\/lt\/wp-json\/wp\/v2\/product_brand?post=178485"},{"taxonomy":"product_cat","embeddable":true,"href":"https:\/\/baldumarket.lt\/lt\/wp-json\/wp\/v2\/product_cat?post=178485"},{"taxonomy":"product_tag","embeddable":true,"href":"https:\/\/baldumarket.lt\/lt\/wp-json\/wp\/v2\/product_tag?post=178485"}],"curies":[{"name":"wp","href":"https:\/\/api.w.org\/{rel}","templated":true}]}}