{"id":178444,"date":"2025-12-20T22:35:58","date_gmt":"2025-12-20T19:35:58","guid":{"rendered":"https:\/\/baldumarket.lt\/product\/witryna-skandynawska-primo-pwt90\/"},"modified":"2026-04-05T15:17:38","modified_gmt":"2026-04-05T12:17:38","slug":"witryna-skandynawska-primo-pwt90","status":"publish","type":"product","link":"https:\/\/baldumarket.lt\/lt\/product\/witryna-skandynawska-primo-pwt90\/","title":{"rendered":"Primo PWT90 skandinavi\u0161ka vitrina"},"content":{"rendered":"<p>\u201ePrimo\u201c skandinavi\u0161ki baldai \u012fkv\u0117pti bald\u0173, kurie gra\u017eiai derina klasikin\u012f stili\u0173 su modern\u0173 paprastum\u0105. Visi \u201ePrimo\u201c baldai yra tvirtai pagaminti i\u0161 auk\u0161tos kokyb\u0117s med\u017eiag\u0173. Jie turi ABS apvadus, apsaugan\u010dius karkas\u0105, MDF lenteles ir med\u017eio masyvo elementus.<br \/>\n\u201ePrimo\u201c bald\u0173 sistem\u0105 sudaro 10 dali\u0173, kurios tiekiamos tik \u201eRiviera Oak\u201c ir \u201eWhite\u201c spalv\u0173.<br \/>\nLED ap\u0161vietimas galimas kaip papildoma \u012franga.<\/p>","protected":false},"excerpt":{"rendered":"<p>plotis [cm] 90<br \/>\n\u016agis [cm] 134<br \/>\ngylis [cm] 40<\/p>","protected":false},"featured_media":178445,"comment_status":"open","ping_status":"open","template":"","meta":[],"product_brand":[],"product_cat":[9565,4635,2006],"product_tag":[],"class_list":{"0":"post-178444","1":"product","2":"type-product","3":"status-publish","4":"has-post-thumbnail","6":"product_cat-furniture-system-primo-piaski","7":"product_cat-piaski","8":"product_cat-vitrines","10":"first","11":"instock","12":"purchasable","13":"product-type-simple"},"_links":{"self":[{"href":"https:\/\/baldumarket.lt\/lt\/wp-json\/wp\/v2\/product\/178444","targetHints":{"allow":["GET"]}}],"collection":[{"href":"https:\/\/baldumarket.lt\/lt\/wp-json\/wp\/v2\/product"}],"about":[{"href":"https:\/\/baldumarket.lt\/lt\/wp-json\/wp\/v2\/types\/product"}],"replies":[{"embeddable":true,"href":"https:\/\/baldumarket.lt\/lt\/wp-json\/wp\/v2\/comments?post=178444"}],"wp:featuredmedia":[{"embeddable":true,"href":"https:\/\/baldumarket.lt\/lt\/wp-json\/wp\/v2\/media\/178445"}],"wp:attachment":[{"href":"https:\/\/baldumarket.lt\/lt\/wp-json\/wp\/v2\/media?parent=178444"}],"wp:term":[{"taxonomy":"product_brand","embeddable":true,"href":"https:\/\/baldumarket.lt\/lt\/wp-json\/wp\/v2\/product_brand?post=178444"},{"taxonomy":"product_cat","embeddable":true,"href":"https:\/\/baldumarket.lt\/lt\/wp-json\/wp\/v2\/product_cat?post=178444"},{"taxonomy":"product_tag","embeddable":true,"href":"https:\/\/baldumarket.lt\/lt\/wp-json\/wp\/v2\/product_tag?post=178444"}],"curies":[{"name":"wp","href":"https:\/\/api.w.org\/{rel}","templated":true}]}}