{"id":178393,"date":"2025-12-20T22:34:59","date_gmt":"2025-12-20T19:34:59","guid":{"rendered":"https:\/\/baldumarket.lt\/product\/toaletka-konsola-z-szufladami-oro-t102-czarna-ryflowana-mdf\/"},"modified":"2026-02-12T10:28:09","modified_gmt":"2026-02-12T07:28:09","slug":"toaletka-konsola-z-szufladami-oro-t102-czarna-ryflowana-mdf","status":"publish","type":"product","link":"https:\/\/baldumarket.lt\/lt\/product\/toaletka-konsola-z-szufladami-oro-t102-czarna-ryflowana-mdf\/","title":{"rendered":"Oro T102 juoda grioveliais dekoruota MDF konsolin\u0117 komoda su stal\u010diais"},"content":{"rendered":"<p>\u201eOro\u201c sistema bus stilingas bet kurio svetain\u0117s, sve\u010di\u0173 kambario ar jaunimo kambario papildymas.<br \/>\nParametrai:<br \/>\nR\u0117mai \u2013 16 mm laminuota plok\u0161t\u0117<br \/>\n0,5 mm ABS apvadas (vir\u0161us ir apa\u010dia aukso spalvos)<br \/>\nFasadas \u2013 18 mm storio MDF plok\u0161t\u0117 su grioveliais<br \/>\n0,5 mm ABS briauna<br \/>\nAtidarymas \u2013 atidarymas spaud\u017eiant<br \/>\nKojel\u0117s \u2013 juodo arba auksinio metalo<br \/>\nGTV vyriai<br \/>\nStal\u010diai ant pilno i\u0161traukimo rutulini\u0173 guoli\u0173 b\u0117geli\u0173<br \/>\nKitos galimos spalvos: balta arba sm\u0117lio \u2013 paie\u0161kos juostoje \u012fveskite \u017eod\u012f \u201eOro\u201c<br \/>\nJuodas \u201eOro T102\u201c konsolinis tualetinis staliukas turi tvirt\u0105 stalvir\u0161\u012f ir du stal\u010dius.<\/p>","protected":false},"excerpt":{"rendered":"<p>Plotis [cm] 102<br \/>\n\u016agis [cm] 79<br \/>\ngylis [cm] 50<\/p>","protected":false},"featured_media":178394,"comment_status":"open","ping_status":"open","template":"","meta":[],"product_brand":[],"product_cat":[9549,1237,4635],"product_tag":[],"class_list":{"0":"post-178393","1":"product","2":"type-product","3":"status-publish","4":"has-post-thumbnail","6":"product_cat-furniture-system-oro-piaski","7":"product_cat-dressing-tables","8":"product_cat-piaski","10":"first","11":"instock","12":"purchasable","13":"product-type-simple"},"_links":{"self":[{"href":"https:\/\/baldumarket.lt\/lt\/wp-json\/wp\/v2\/product\/178393","targetHints":{"allow":["GET"]}}],"collection":[{"href":"https:\/\/baldumarket.lt\/lt\/wp-json\/wp\/v2\/product"}],"about":[{"href":"https:\/\/baldumarket.lt\/lt\/wp-json\/wp\/v2\/types\/product"}],"replies":[{"embeddable":true,"href":"https:\/\/baldumarket.lt\/lt\/wp-json\/wp\/v2\/comments?post=178393"}],"wp:featuredmedia":[{"embeddable":true,"href":"https:\/\/baldumarket.lt\/lt\/wp-json\/wp\/v2\/media\/178394"}],"wp:attachment":[{"href":"https:\/\/baldumarket.lt\/lt\/wp-json\/wp\/v2\/media?parent=178393"}],"wp:term":[{"taxonomy":"product_brand","embeddable":true,"href":"https:\/\/baldumarket.lt\/lt\/wp-json\/wp\/v2\/product_brand?post=178393"},{"taxonomy":"product_cat","embeddable":true,"href":"https:\/\/baldumarket.lt\/lt\/wp-json\/wp\/v2\/product_cat?post=178393"},{"taxonomy":"product_tag","embeddable":true,"href":"https:\/\/baldumarket.lt\/lt\/wp-json\/wp\/v2\/product_tag?post=178393"}],"curies":[{"name":"wp","href":"https:\/\/api.w.org\/{rel}","templated":true}]}}