{"id":178365,"date":"2025-12-20T22:34:33","date_gmt":"2025-12-20T19:34:33","guid":{"rendered":"https:\/\/baldumarket.lt\/product\/toaletka-konsola-nova-z-szufladami-t-104-dab-vicenza\/"},"modified":"2026-04-05T15:17:38","modified_gmt":"2026-04-05T12:17:38","slug":"toaletka-konsola-nova-z-szufladami-t-104-dab-vicenza","status":"publish","type":"product","link":"https:\/\/baldumarket.lt\/lt\/product\/toaletka-konsola-nova-z-szufladami-t-104-dab-vicenza\/","title":{"rendered":"Nova konsolinis tualetinis staliukas su stal\u010diais T-104, Vicenza \u0105\u017euolas"},"content":{"rendered":"<p>\u201eNova\u201c kolekcija buvo sukurta atsi\u017evelgiant \u012f dabartines tendencijas \u2013 auk\u0161tos juodos arba auksin\u0117s kojel\u0117s, geometrin\u0117 forma ir spalva pabr\u0117\u017eia elegancij\u0105 ir modern\u0173 stili\u0173.<br \/>\nSpecifikacijos:<br \/>\nKorpusas: 16 mm laminuota plok\u0161t\u0117; 0,5 mm ABS kra\u0161tai<br \/>\nFasadas: 18 mm MDF plok\u0161t\u0117, grioveliais dengtas Vicenza \u0105\u017euolas<br \/>\nRankena: \u0161lifuota juoda<br \/>\nPlieninis r\u0117mas: milteliniu b\u016bdu da\u017eytas, 18 mm profilis<br \/>\nNova T-104 tualetinis staliukas \u2013 su stabiliu stalvir\u0161iu ir dviem stal\u010diais.<\/p>","protected":false},"excerpt":{"rendered":"<p>Plotis [cm] 104<br \/>\n\u016agis [cm] 78<br \/>\ngylis [cm] 50<\/p>","protected":false},"featured_media":178366,"comment_status":"open","ping_status":"open","template":"","meta":[],"product_brand":[],"product_cat":[9567,1237,4635],"product_tag":[],"class_list":{"0":"post-178365","1":"product","2":"type-product","3":"status-publish","4":"has-post-thumbnail","6":"product_cat-furniture-system-nova-piaski","7":"product_cat-dressing-tables","8":"product_cat-piaski","10":"first","11":"instock","12":"purchasable","13":"product-type-simple"},"_links":{"self":[{"href":"https:\/\/baldumarket.lt\/lt\/wp-json\/wp\/v2\/product\/178365","targetHints":{"allow":["GET"]}}],"collection":[{"href":"https:\/\/baldumarket.lt\/lt\/wp-json\/wp\/v2\/product"}],"about":[{"href":"https:\/\/baldumarket.lt\/lt\/wp-json\/wp\/v2\/types\/product"}],"replies":[{"embeddable":true,"href":"https:\/\/baldumarket.lt\/lt\/wp-json\/wp\/v2\/comments?post=178365"}],"wp:featuredmedia":[{"embeddable":true,"href":"https:\/\/baldumarket.lt\/lt\/wp-json\/wp\/v2\/media\/178366"}],"wp:attachment":[{"href":"https:\/\/baldumarket.lt\/lt\/wp-json\/wp\/v2\/media?parent=178365"}],"wp:term":[{"taxonomy":"product_brand","embeddable":true,"href":"https:\/\/baldumarket.lt\/lt\/wp-json\/wp\/v2\/product_brand?post=178365"},{"taxonomy":"product_cat","embeddable":true,"href":"https:\/\/baldumarket.lt\/lt\/wp-json\/wp\/v2\/product_cat?post=178365"},{"taxonomy":"product_tag","embeddable":true,"href":"https:\/\/baldumarket.lt\/lt\/wp-json\/wp\/v2\/product_tag?post=178365"}],"curies":[{"name":"wp","href":"https:\/\/api.w.org\/{rel}","templated":true}]}}