{"id":178333,"date":"2025-12-20T22:33:51","date_gmt":"2025-12-20T19:33:51","guid":{"rendered":"https:\/\/baldumarket.lt\/product\/toaletka-konsola-frezowana-z-szufladami-zova-t-103-biala\/"},"modified":"2026-02-12T10:41:43","modified_gmt":"2026-02-12T07:41:43","slug":"toaletka-konsola-frezowana-z-szufladami-zova-t-103-biala","status":"publish","type":"product","link":"https:\/\/baldumarket.lt\/lt\/product\/toaletka-konsola-frezowana-z-szufladami-zova-t-103-biala\/","title":{"rendered":"\u201eZova T-103\u201c baltas frezuotas konsolinis tualetinis staliukas su stal\u010diais"},"content":{"rendered":"<p>\u201eZova\u201c kolekcija buvo sukurta atsi\u017evelgiant \u012f dabartines tendencijas \u2013 auk\u0161tos, juodos arba auksin\u0117s kojos, geometrin\u0117 forma ir spalva pabr\u0117\u017eia elegancij\u0105 ir modern\u0173 stili\u0173.<br \/>\nSpecifikacijos:<br \/>\nKorpusas: 18 mm laminuota plok\u0161t\u0117<br \/>\n0,6 mm ABS apvadai pertvaroms ir lentynoms<br \/>\n1 mm ABS apvadas vir\u0161uje ir apa\u010dioje<br \/>\nPriekin\u0117 dalis: 18 mm storio frezuota, dengta MDF plok\u0161t\u0117 (nelakuota)<br \/>\nRankena: frezuota priekin\u0117 dalis<br \/>\nKojel\u0117s: juodo arba auksinio metalo<br \/>\nMetaliniai vyriai<br \/>\nApa\u010dioje montuojamas kreiptuvas su i\u0161traukiama rankena<br \/>\n\u201eZova T-103\u201c tualetinis staliukas, baltas \u2013 su stabiliu stalvir\u0161iu ir dviem stal\u010diais.<br \/>\n\u201eZova\u201c kolekcij\u0105 sudaro komodos, televizoriaus staliukas ir tualetinis staliukas.<br \/>\nKolekcij\u0105 taip pat galima \u012fsigyti ka\u0161myro ir juodos spalv\u0173 \u2013 paie\u0161kos juostoje \u012fveskite \u201eZova\u201c.<\/p>","protected":false},"excerpt":{"rendered":"<p>Plotis [cm] 103<br \/>\n\u016agis [cm] 80<br \/>\ngylis [cm] 49<\/p>","protected":false},"featured_media":178334,"comment_status":"open","ping_status":"open","template":"","meta":[],"product_brand":[],"product_cat":[9553,1237,4635],"product_tag":[],"class_list":{"0":"post-178333","1":"product","2":"type-product","3":"status-publish","4":"has-post-thumbnail","6":"product_cat-furniture-system-zova-piaski","7":"product_cat-dressing-tables","8":"product_cat-piaski","10":"first","11":"instock","12":"purchasable","13":"product-type-simple"},"_links":{"self":[{"href":"https:\/\/baldumarket.lt\/lt\/wp-json\/wp\/v2\/product\/178333","targetHints":{"allow":["GET"]}}],"collection":[{"href":"https:\/\/baldumarket.lt\/lt\/wp-json\/wp\/v2\/product"}],"about":[{"href":"https:\/\/baldumarket.lt\/lt\/wp-json\/wp\/v2\/types\/product"}],"replies":[{"embeddable":true,"href":"https:\/\/baldumarket.lt\/lt\/wp-json\/wp\/v2\/comments?post=178333"}],"wp:featuredmedia":[{"embeddable":true,"href":"https:\/\/baldumarket.lt\/lt\/wp-json\/wp\/v2\/media\/178334"}],"wp:attachment":[{"href":"https:\/\/baldumarket.lt\/lt\/wp-json\/wp\/v2\/media?parent=178333"}],"wp:term":[{"taxonomy":"product_brand","embeddable":true,"href":"https:\/\/baldumarket.lt\/lt\/wp-json\/wp\/v2\/product_brand?post=178333"},{"taxonomy":"product_cat","embeddable":true,"href":"https:\/\/baldumarket.lt\/lt\/wp-json\/wp\/v2\/product_cat?post=178333"},{"taxonomy":"product_tag","embeddable":true,"href":"https:\/\/baldumarket.lt\/lt\/wp-json\/wp\/v2\/product_tag?post=178333"}],"curies":[{"name":"wp","href":"https:\/\/api.w.org\/{rel}","templated":true}]}}