{"id":178302,"date":"2025-12-20T22:33:14","date_gmt":"2025-12-20T19:33:14","guid":{"rendered":"https:\/\/baldumarket.lt\/product\/szafy-sandbox-senso-303-cm-antisol-3-sztuki\/"},"modified":"2026-02-12T10:28:09","modified_gmt":"2026-02-12T07:28:09","slug":"szafy-sandbox-senso-303-cm-antisol-3-sztuki","status":"publish","type":"product","link":"https:\/\/baldumarket.lt\/lt\/product\/szafy-sandbox-senso-303-cm-antisol-3-sztuki\/","title":{"rendered":"Sm\u0117lio d\u0117\u017e\u0117s Senso spintos 303 cm + antikorozin\u0117 danga \u2013 3 dalys"},"content":{"rendered":"<p>\u201eSandbox Nova\u201c spintos pagamintos i\u0161 auk\u0161tos kokyb\u0117s 16 mm laminuotos plok\u0161t\u0117s su ABS faneruotos briaunomis.<br \/>\nPriekin\u0117se dalyse yra dekoratyvin\u0117 lameli\u0173 formos plok\u0161t\u0117 ir centrin\u0117 neslystanti stiklo plok\u0161t\u0117.<br \/>\nSpintos turi du fasadus: vien\u0105 su dviem drabu\u017ei\u0173 kabyklomis, o kit\u0105 su lentynomis.<br \/>\nSpecifikacijos:<br \/>\nR\u0117mas: 16 mm laminuota plok\u0161t\u0117, 0,5 mm ABS kra\u0161tas<br \/>\nPriekin\u0117s dalys: 16 mm laminuota plok\u0161t\u0117, 0,5 mm ABS kra\u0161tas, 18 mm grioveliais marginta MDF plok\u0161t\u0117 + centrin\u0117 spintel\u0117 su 20,5x18 mm aliuminio r\u0117mu + neslystantis stiklas<br \/>\nVarstomos durys: juodo aliuminio, centrin\u0117 spintel\u0117 su atidarymo rankena<br \/>\nReguliuojamos lentynos<br \/>\nSpalva: juodas korpusas, fasadai: grafito NW \/ Wotano \u0105\u017euolo<br \/>\nKomplekt\u0105 sudaro trys spintos.<\/p>","protected":false},"excerpt":{"rendered":"<p>Plotis [cm] 303<br \/>\n\u016agis [cm] 200<br \/>\ngylis [cm] 51<\/p>","protected":false},"featured_media":178303,"comment_status":"open","ping_status":"open","template":"","meta":[],"product_brand":[],"product_cat":[9549,4635,1177],"product_tag":[],"class_list":{"0":"post-178302","1":"product","2":"type-product","3":"status-publish","4":"has-post-thumbnail","6":"product_cat-furniture-system-oro-piaski","7":"product_cat-piaski","8":"product_cat-wardrobes","10":"first","11":"instock","12":"purchasable","13":"product-type-simple"},"_links":{"self":[{"href":"https:\/\/baldumarket.lt\/lt\/wp-json\/wp\/v2\/product\/178302","targetHints":{"allow":["GET"]}}],"collection":[{"href":"https:\/\/baldumarket.lt\/lt\/wp-json\/wp\/v2\/product"}],"about":[{"href":"https:\/\/baldumarket.lt\/lt\/wp-json\/wp\/v2\/types\/product"}],"replies":[{"embeddable":true,"href":"https:\/\/baldumarket.lt\/lt\/wp-json\/wp\/v2\/comments?post=178302"}],"wp:featuredmedia":[{"embeddable":true,"href":"https:\/\/baldumarket.lt\/lt\/wp-json\/wp\/v2\/media\/178303"}],"wp:attachment":[{"href":"https:\/\/baldumarket.lt\/lt\/wp-json\/wp\/v2\/media?parent=178302"}],"wp:term":[{"taxonomy":"product_brand","embeddable":true,"href":"https:\/\/baldumarket.lt\/lt\/wp-json\/wp\/v2\/product_brand?post=178302"},{"taxonomy":"product_cat","embeddable":true,"href":"https:\/\/baldumarket.lt\/lt\/wp-json\/wp\/v2\/product_cat?post=178302"},{"taxonomy":"product_tag","embeddable":true,"href":"https:\/\/baldumarket.lt\/lt\/wp-json\/wp\/v2\/product_tag?post=178302"}],"curies":[{"name":"wp","href":"https:\/\/api.w.org\/{rel}","templated":true}]}}