{"id":178287,"date":"2025-12-20T22:32:55","date_gmt":"2025-12-20T19:32:55","guid":{"rendered":"https:\/\/baldumarket.lt\/product\/szafy-sandbox-nova-303-cm-szara-platynowa-3-sztuki\/"},"modified":"2026-04-05T15:17:29","modified_gmt":"2026-04-05T12:17:29","slug":"szafy-sandbox-nova-303-cm-szara-platynowa-3-sztuki","status":"publish","type":"product","link":"https:\/\/baldumarket.lt\/lt\/product\/szafy-sandbox-nova-303-cm-szara-platynowa-3-sztuki\/","title":{"rendered":"Sm\u0117lio d\u0117\u017e\u0117 Nova spintos 303 cm platinos pilkos spalvos &#8211; 3 dalys"},"content":{"rendered":"<p>\u201eSandbox Nova\u201c spintel\u0117s pagamintos i\u0161 auk\u0161tos kokyb\u0117s 16 mm laminuotos plok\u0161t\u0117s su ABS faneruotomis briaunomis.<br \/>\nPriekin\u0117se dalyse yra dekoratyvin\u0117s lameli\u0173 formos plok\u0161t\u0117s, o vidurin\u0117 spintel\u0117 turi 20,5x18 mm aliuminio r\u0117m\u0105.<br \/>\nSpintel\u0117s turi du fasadus: vien\u0105 su dviem drabu\u017ei\u0173 kabyklomis, o kit\u0105 \u2013 lentynomis.<br \/>\nSpecifikacijos:<br \/>\nKorpusas: 16 mm laminuota plok\u0161t\u0117, 0,5 mm ABS kra\u0161tas<br \/>\nPriekin\u0117s dalys: 16 mm laminuota plok\u0161t\u0117, 0,5 mm ABS kra\u0161tas, 18 mm grioveliais marginta MDF plok\u0161t\u0117 + vidurin\u0117 spintel\u0117 su 20,5x18 mm aliuminio r\u0117mu<br \/>\nVarstomos durys: juoda aliuminio rankena, vidurin\u0117 spintel\u0117 su atidarymo spustel\u0117jimu funkcija<br \/>\nReguliuojamos lentynos<br \/>\nSpalva: platinin\u0117 pilka<br \/>\nKomplekt\u0105 sudaro dvi platinos pilkos spalvos spintel\u0117s + vidurin\u0117 spintel\u0117 su grotel\u0117mis \u2013 spinteles galima laisvai pertvarkyti.<\/p>","protected":false},"excerpt":{"rendered":"<p>Plotis [cm] 303<br \/>\n\u016agis [cm] 200<br \/>\ngylis [cm] 51<\/p>","protected":false},"featured_media":178288,"comment_status":"open","ping_status":"open","template":"","meta":[],"product_brand":[],"product_cat":[9567,4635,1177],"product_tag":[],"class_list":{"0":"post-178287","1":"product","2":"type-product","3":"status-publish","4":"has-post-thumbnail","6":"product_cat-furniture-system-nova-piaski","7":"product_cat-piaski","8":"product_cat-wardrobes","10":"first","11":"instock","12":"purchasable","13":"product-type-simple"},"_links":{"self":[{"href":"https:\/\/baldumarket.lt\/lt\/wp-json\/wp\/v2\/product\/178287","targetHints":{"allow":["GET"]}}],"collection":[{"href":"https:\/\/baldumarket.lt\/lt\/wp-json\/wp\/v2\/product"}],"about":[{"href":"https:\/\/baldumarket.lt\/lt\/wp-json\/wp\/v2\/types\/product"}],"replies":[{"embeddable":true,"href":"https:\/\/baldumarket.lt\/lt\/wp-json\/wp\/v2\/comments?post=178287"}],"wp:featuredmedia":[{"embeddable":true,"href":"https:\/\/baldumarket.lt\/lt\/wp-json\/wp\/v2\/media\/178288"}],"wp:attachment":[{"href":"https:\/\/baldumarket.lt\/lt\/wp-json\/wp\/v2\/media?parent=178287"}],"wp:term":[{"taxonomy":"product_brand","embeddable":true,"href":"https:\/\/baldumarket.lt\/lt\/wp-json\/wp\/v2\/product_brand?post=178287"},{"taxonomy":"product_cat","embeddable":true,"href":"https:\/\/baldumarket.lt\/lt\/wp-json\/wp\/v2\/product_cat?post=178287"},{"taxonomy":"product_tag","embeddable":true,"href":"https:\/\/baldumarket.lt\/lt\/wp-json\/wp\/v2\/product_tag?post=178287"}],"curies":[{"name":"wp","href":"https:\/\/api.w.org\/{rel}","templated":true}]}}