{"id":178223,"date":"2025-12-20T22:31:42","date_gmt":"2025-12-20T19:31:42","guid":{"rendered":"https:\/\/baldumarket.lt\/product\/szafka-stolik-rtv-bari-dab-vicenza-rtv168\/"},"modified":"2026-04-05T16:10:38","modified_gmt":"2026-04-05T13:10:38","slug":"szafka-stolik-rtv-bari-dab-vicenza-rtv168","status":"publish","type":"product","link":"https:\/\/baldumarket.lt\/lt\/product\/szafka-stolik-rtv-bari-dab-vicenza-rtv168\/","title":{"rendered":"Bari TV staliukas, Vi\u010dencos \u0105\u017euolas, RTV168"},"content":{"rendered":"<p>\u201eBari\u201c kolekcija buvo sukurta atsi\u017evelgiant \u012f dabartines tendencijas \u2013 jos geometrin\u0117 forma ir spalva pabr\u0117\u017eia elegancij\u0105 ir modern\u0173 stili\u0173, kartu stipriai remdamiesi skandinavi\u0161ku stiliumi.<br \/>\nSpecifikacijos:<br \/>\nKorpusas: 16 mm laminuota plok\u0161t\u0117; 0,5 mm ABS kra\u0161tai<br \/>\nPriekin\u0117 dalis: 16 mm laminuota plok\u0161t\u0117; 0,5 mm ABS kra\u0161tas<br \/>\nSistema be ranken\u0173<br \/>\nH\u00e4fele pasl\u0117pti vyriai<br \/>\nApval\u016bs kra\u0161tai<br \/>\nSpalva: Vi\u010dencos \u0105\u017euolas<br \/>\nBari TV staliukas \u2013 su trimis spintel\u0117mis.<\/p>","protected":false},"excerpt":{"rendered":"<p>Plotis [cm] 103<br \/>\n\u016agis [cm] 160<br \/>\ngylis [cm] 39<\/p>","protected":false},"featured_media":178224,"comment_status":"open","ping_status":"open","template":"","meta":[],"product_brand":[],"product_cat":[9558,4635,1175],"product_tag":[],"class_list":{"0":"post-178223","1":"product","2":"type-product","3":"status-publish","4":"has-post-thumbnail","6":"product_cat-furniture-system-bari-piaski","7":"product_cat-piaski","8":"product_cat-tv-stands","10":"first","11":"instock","12":"purchasable","13":"product-type-simple"},"_links":{"self":[{"href":"https:\/\/baldumarket.lt\/lt\/wp-json\/wp\/v2\/product\/178223","targetHints":{"allow":["GET"]}}],"collection":[{"href":"https:\/\/baldumarket.lt\/lt\/wp-json\/wp\/v2\/product"}],"about":[{"href":"https:\/\/baldumarket.lt\/lt\/wp-json\/wp\/v2\/types\/product"}],"replies":[{"embeddable":true,"href":"https:\/\/baldumarket.lt\/lt\/wp-json\/wp\/v2\/comments?post=178223"}],"wp:featuredmedia":[{"embeddable":true,"href":"https:\/\/baldumarket.lt\/lt\/wp-json\/wp\/v2\/media\/178224"}],"wp:attachment":[{"href":"https:\/\/baldumarket.lt\/lt\/wp-json\/wp\/v2\/media?parent=178223"}],"wp:term":[{"taxonomy":"product_brand","embeddable":true,"href":"https:\/\/baldumarket.lt\/lt\/wp-json\/wp\/v2\/product_brand?post=178223"},{"taxonomy":"product_cat","embeddable":true,"href":"https:\/\/baldumarket.lt\/lt\/wp-json\/wp\/v2\/product_cat?post=178223"},{"taxonomy":"product_tag","embeddable":true,"href":"https:\/\/baldumarket.lt\/lt\/wp-json\/wp\/v2\/product_tag?post=178223"}],"curies":[{"name":"wp","href":"https:\/\/api.w.org\/{rel}","templated":true}]}}