{"id":178217,"date":"2025-12-20T22:31:35","date_gmt":"2025-12-20T19:31:35","guid":{"rendered":"https:\/\/baldumarket.lt\/product\/szafka-sky-srtv155-polka-sky-p155\/"},"modified":"2026-04-05T02:44:25","modified_gmt":"2026-04-04T23:44:25","slug":"szafka-sky-srtv155-polka-sky-p155","status":"publish","type":"product","link":"https:\/\/baldumarket.lt\/lt\/product\/szafka-sky-srtv155-polka-sky-p155\/","title":{"rendered":"\u201eSky SRTV155\u201c spintel\u0117 + \u201eSky P155\u201c lentyna"},"content":{"rendered":"<p>SKY sistema yra universalus komplektas, tinkantis bet kokiam interjerui. Korpusas ir priekin\u0117s dalys pagamintos i\u0161 laminuotos plok\u0161t\u0117s, o kra\u0161tai apdailinti ABS fanera.<br \/>\nSpalva: Rivjeros \u0105\u017euolas.<\/p>","protected":false},"excerpt":{"rendered":"<p>Plotis [cm] 150<br \/>\nauk\u0161tis [cm] 50<br \/>\ngylis [cm] 47<\/p>","protected":false},"featured_media":178218,"comment_status":"open","ping_status":"open","template":"","meta":[],"product_brand":[],"product_cat":[9550,4635,1175],"product_tag":[],"class_list":{"0":"post-178217","1":"product","2":"type-product","3":"status-publish","4":"has-post-thumbnail","6":"product_cat-furniture-system-sky-piaski","7":"product_cat-piaski","8":"product_cat-tv-stands","10":"first","11":"instock","12":"purchasable","13":"product-type-simple"},"_links":{"self":[{"href":"https:\/\/baldumarket.lt\/lt\/wp-json\/wp\/v2\/product\/178217","targetHints":{"allow":["GET"]}}],"collection":[{"href":"https:\/\/baldumarket.lt\/lt\/wp-json\/wp\/v2\/product"}],"about":[{"href":"https:\/\/baldumarket.lt\/lt\/wp-json\/wp\/v2\/types\/product"}],"replies":[{"embeddable":true,"href":"https:\/\/baldumarket.lt\/lt\/wp-json\/wp\/v2\/comments?post=178217"}],"wp:featuredmedia":[{"embeddable":true,"href":"https:\/\/baldumarket.lt\/lt\/wp-json\/wp\/v2\/media\/178218"}],"wp:attachment":[{"href":"https:\/\/baldumarket.lt\/lt\/wp-json\/wp\/v2\/media?parent=178217"}],"wp:term":[{"taxonomy":"product_brand","embeddable":true,"href":"https:\/\/baldumarket.lt\/lt\/wp-json\/wp\/v2\/product_brand?post=178217"},{"taxonomy":"product_cat","embeddable":true,"href":"https:\/\/baldumarket.lt\/lt\/wp-json\/wp\/v2\/product_cat?post=178217"},{"taxonomy":"product_tag","embeddable":true,"href":"https:\/\/baldumarket.lt\/lt\/wp-json\/wp\/v2\/product_tag?post=178217"}],"curies":[{"name":"wp","href":"https:\/\/api.w.org\/{rel}","templated":true}]}}