{"id":178209,"date":"2025-12-20T22:31:27","date_gmt":"2025-12-20T19:31:27","guid":{"rendered":"https:\/\/baldumarket.lt\/product\/szafka-rtv-z-wnekami-i-szufladami-albion-rtv180-kaszmir\/"},"modified":"2026-04-05T16:10:38","modified_gmt":"2026-04-05T13:10:38","slug":"szafka-rtv-z-wnekami-i-szufladami-albion-rtv180-kaszmir","status":"publish","type":"product","link":"https:\/\/baldumarket.lt\/lt\/product\/szafka-rtv-z-wnekami-i-szufladami-albion-rtv180-kaszmir\/","title":{"rendered":"TV spintel\u0117 su ni\u0161omis ir stal\u010diais Albion RTV180 ka\u0161myro spalvos"},"content":{"rendered":"<p>\u201eAlbion\u201c kolekcija buvo sukurta atsi\u017evelgiant \u012f dabartines tendencijas \u2013 jos sferin\u0117s kojel\u0117s, geometrin\u0117 forma ir spalva pabr\u0117\u017eia elegancij\u0105 ir modern\u0173 stili\u0173, kartu stipriai remdamiesi skandinavi\u0161ku stiliumi. Parametrai:<br \/>\nKorpusas \u2013 16 mm laminuota plok\u0161t\u0117, 0,5 mm ABS kra\u0161tas, 18 mm apvalios MDF lentel\u0117s. Priekin\u0117 dalis \u2013 16 mm laminuota plok\u0161t\u0117, 0,5 mm ABS kra\u0161tas\u2026\u00a0 \u00a0 \u00a0 \u00a0 \u00a0 \u00a0 \u00a0<br \/>\nrutulio formos kojos \u00a0 \u00a0 \u00a0 \u00a0 \u00a0 \u00a0 \u00a0 \u00a0 \u00a0 \u00a0<br \/>\nSpalva \u2013 ka\u0161myras<br \/>\n\u00a0<br \/>\nAlbion RTV180 spintel\u0117 \u2013 turi tris stal\u010dius ir ni\u0161as.<\/p>","protected":false},"excerpt":{"rendered":"<p>Plotis [cm] 180<br \/>\n\u016agis [cm] 44<br \/>\ngylis [cm] 39<\/p>","protected":false},"featured_media":178210,"comment_status":"open","ping_status":"open","template":"","meta":[],"product_brand":[],"product_cat":[9555,4635,1175],"product_tag":[],"class_list":{"0":"post-178209","1":"product","2":"type-product","3":"status-publish","4":"has-post-thumbnail","6":"product_cat-furniture-system-albion-piaski","7":"product_cat-piaski","8":"product_cat-tv-stands","10":"first","11":"instock","12":"purchasable","13":"product-type-simple"},"_links":{"self":[{"href":"https:\/\/baldumarket.lt\/lt\/wp-json\/wp\/v2\/product\/178209","targetHints":{"allow":["GET"]}}],"collection":[{"href":"https:\/\/baldumarket.lt\/lt\/wp-json\/wp\/v2\/product"}],"about":[{"href":"https:\/\/baldumarket.lt\/lt\/wp-json\/wp\/v2\/types\/product"}],"replies":[{"embeddable":true,"href":"https:\/\/baldumarket.lt\/lt\/wp-json\/wp\/v2\/comments?post=178209"}],"wp:featuredmedia":[{"embeddable":true,"href":"https:\/\/baldumarket.lt\/lt\/wp-json\/wp\/v2\/media\/178210"}],"wp:attachment":[{"href":"https:\/\/baldumarket.lt\/lt\/wp-json\/wp\/v2\/media?parent=178209"}],"wp:term":[{"taxonomy":"product_brand","embeddable":true,"href":"https:\/\/baldumarket.lt\/lt\/wp-json\/wp\/v2\/product_brand?post=178209"},{"taxonomy":"product_cat","embeddable":true,"href":"https:\/\/baldumarket.lt\/lt\/wp-json\/wp\/v2\/product_cat?post=178209"},{"taxonomy":"product_tag","embeddable":true,"href":"https:\/\/baldumarket.lt\/lt\/wp-json\/wp\/v2\/product_tag?post=178209"}],"curies":[{"name":"wp","href":"https:\/\/api.w.org\/{rel}","templated":true}]}}