{"id":178153,"date":"2025-12-20T22:30:17","date_gmt":"2025-12-20T19:30:17","guid":{"rendered":"https:\/\/baldumarket.lt\/product\/szafka-rtv-wiszaca-lub-stojaca-oro-135-lub-175-cm-czarna\/"},"modified":"2026-02-12T10:28:18","modified_gmt":"2026-02-12T07:28:18","slug":"szafka-rtv-wiszaca-lub-stojaca-oro-135-lub-175-cm-czarna","status":"publish","type":"product","link":"https:\/\/baldumarket.lt\/lt\/product\/szafka-rtv-wiszaca-lub-stojaca-oro-135-lub-175-cm-czarna\/","title":{"rendered":"\u201eOro\u201c sienin\u0117 arba pastatoma televizoriaus spintel\u0117, 135 arba 175 cm, juoda"},"content":{"rendered":"<p>Modernus \u201eOro\u201c prie sienos tvirtinamas televizoriaus staliukas bus i\u0161skirtinis bet kurio svetain\u0117s akcentas. Pakabinus j\u012f ant sienos, viskas bus tvarkinga. Gaminys pasi\u017eymi moderniomis spalvomis, derinamomis su auksiniais akcentais.<br \/>\nSpecifikacijos:<br \/>\nPagaminta i\u0161 laminuotos plok\u0161t\u0117s<br \/>\nAuksin\u0117 ABS faneros apdaila<br \/>\nSpintel\u0117 montuojama ant sienos arba ant koj\u0173 u\u017e papildom\u0105 mokest\u012f<br \/>\nPridedamos dvi spintel\u0117s 135 cm ilgio modeliui ir trys spintel\u0117s 175 cm ilgio modeliui \u2013 pasirinkite norim\u0105 ilg\u012f i\u0161 si\u016blom\u0173 variant\u0173.<br \/>\nLyg\u016bs fasadai<br \/>\nKitos galimos spalvos: balta, sm\u0117lio, pilka, juoda, \u201eBlack Royal\u201c marmuras ir su grioveliais i\u0161 MDF plok\u0161t\u0117s \u2013 paie\u0161kos juostoje \u012fveskite \u017eod\u012f \u201eOro\u201c.<\/p>","protected":false},"excerpt":{"rendered":"<p>Plotis [cm] 135 arba 175<br \/>\n\u016agis [cm] 30 arba 53<br \/>\ngylis [cm] 32<\/p>","protected":false},"featured_media":178154,"comment_status":"open","ping_status":"open","template":"","meta":[],"product_brand":[],"product_cat":[9549,4635,1175],"product_tag":[],"class_list":{"0":"post-178153","1":"product","2":"type-product","3":"status-publish","4":"has-post-thumbnail","6":"product_cat-furniture-system-oro-piaski","7":"product_cat-piaski","8":"product_cat-tv-stands","10":"first","11":"instock","12":"purchasable","13":"product-type-simple"},"_links":{"self":[{"href":"https:\/\/baldumarket.lt\/lt\/wp-json\/wp\/v2\/product\/178153","targetHints":{"allow":["GET"]}}],"collection":[{"href":"https:\/\/baldumarket.lt\/lt\/wp-json\/wp\/v2\/product"}],"about":[{"href":"https:\/\/baldumarket.lt\/lt\/wp-json\/wp\/v2\/types\/product"}],"replies":[{"embeddable":true,"href":"https:\/\/baldumarket.lt\/lt\/wp-json\/wp\/v2\/comments?post=178153"}],"wp:featuredmedia":[{"embeddable":true,"href":"https:\/\/baldumarket.lt\/lt\/wp-json\/wp\/v2\/media\/178154"}],"wp:attachment":[{"href":"https:\/\/baldumarket.lt\/lt\/wp-json\/wp\/v2\/media?parent=178153"}],"wp:term":[{"taxonomy":"product_brand","embeddable":true,"href":"https:\/\/baldumarket.lt\/lt\/wp-json\/wp\/v2\/product_brand?post=178153"},{"taxonomy":"product_cat","embeddable":true,"href":"https:\/\/baldumarket.lt\/lt\/wp-json\/wp\/v2\/product_cat?post=178153"},{"taxonomy":"product_tag","embeddable":true,"href":"https:\/\/baldumarket.lt\/lt\/wp-json\/wp\/v2\/product_tag?post=178153"}],"curies":[{"name":"wp","href":"https:\/\/api.w.org\/{rel}","templated":true}]}}