{"id":178116,"date":"2025-12-20T22:29:32","date_gmt":"2025-12-20T19:29:32","guid":{"rendered":"https:\/\/baldumarket.lt\/product\/szafka-rtv-skandynawska-primo-prtv160\/"},"modified":"2026-04-05T15:17:29","modified_gmt":"2026-04-05T12:17:29","slug":"szafka-rtv-skandynawska-primo-prtv160","status":"publish","type":"product","link":"https:\/\/baldumarket.lt\/lt\/product\/szafka-rtv-skandynawska-primo-prtv160\/","title":{"rendered":"Skandinavi\u0161ka televizijos spintel\u0117 Primo PRTV160"},"content":{"rendered":"<p>\u201ePrimo\u201c skandinavi\u0161ki baldai \u012fkv\u0117pti bald\u0173, kurie gra\u017eiai derina klasikin\u012f stili\u0173 su modernaus paprastumo. Visi \u201ePrimo\u201c baldai yra tvirtai pagaminti i\u0161 auk\u0161tos kokyb\u0117s med\u017eiag\u0173. Jie turi ABS kra\u0161tus, apsaugan\u010dius karkas\u0105, MDF lenteles ir med\u017eio masyvo elementus. \u201ePrimo\u201c bald\u0173 sistem\u0105 sudaro 10 dali\u0173, kurios yra tik \u0161i\u0173 spalv\u0173: \u201eRiviera Oak\u201c \/ \u201eWhite\u201c.<\/p>","protected":false},"excerpt":{"rendered":"<p>Plotis [cm] 160<br \/>\nauk\u0161tis [cm] 50<br \/>\ngylis [cm] 40<\/p>","protected":false},"featured_media":178117,"comment_status":"open","ping_status":"open","template":"","meta":[],"product_brand":[],"product_cat":[9565,4635,1175],"product_tag":[],"class_list":{"0":"post-178116","1":"product","2":"type-product","3":"status-publish","4":"has-post-thumbnail","6":"product_cat-furniture-system-primo-piaski","7":"product_cat-piaski","8":"product_cat-tv-stands","10":"first","11":"instock","12":"purchasable","13":"product-type-simple"},"_links":{"self":[{"href":"https:\/\/baldumarket.lt\/lt\/wp-json\/wp\/v2\/product\/178116","targetHints":{"allow":["GET"]}}],"collection":[{"href":"https:\/\/baldumarket.lt\/lt\/wp-json\/wp\/v2\/product"}],"about":[{"href":"https:\/\/baldumarket.lt\/lt\/wp-json\/wp\/v2\/types\/product"}],"replies":[{"embeddable":true,"href":"https:\/\/baldumarket.lt\/lt\/wp-json\/wp\/v2\/comments?post=178116"}],"wp:featuredmedia":[{"embeddable":true,"href":"https:\/\/baldumarket.lt\/lt\/wp-json\/wp\/v2\/media\/178117"}],"wp:attachment":[{"href":"https:\/\/baldumarket.lt\/lt\/wp-json\/wp\/v2\/media?parent=178116"}],"wp:term":[{"taxonomy":"product_brand","embeddable":true,"href":"https:\/\/baldumarket.lt\/lt\/wp-json\/wp\/v2\/product_brand?post=178116"},{"taxonomy":"product_cat","embeddable":true,"href":"https:\/\/baldumarket.lt\/lt\/wp-json\/wp\/v2\/product_cat?post=178116"},{"taxonomy":"product_tag","embeddable":true,"href":"https:\/\/baldumarket.lt\/lt\/wp-json\/wp\/v2\/product_tag?post=178116"}],"curies":[{"name":"wp","href":"https:\/\/api.w.org\/{rel}","templated":true}]}}