{"id":178079,"date":"2025-12-20T22:28:47","date_gmt":"2025-12-20T19:28:47","guid":{"rendered":"https:\/\/baldumarket.lt\/product\/szafka-rtv-nordi-nrtv160-dab-artisan\/"},"modified":"2026-04-05T16:10:29","modified_gmt":"2026-04-05T13:10:29","slug":"szafka-rtv-nordi-nrtv160-dab-artisan","status":"publish","type":"product","link":"https:\/\/baldumarket.lt\/lt\/product\/szafka-rtv-nordi-nrtv160-dab-artisan\/","title":{"rendered":"Nordi NRTV160 televizoriaus spintel\u0117 &#8211; amatininko \u0105\u017euolas"},"content":{"rendered":"<p>Ne\u012fprastas ARTISAN \u0104\u017dUOLO medienos su juoda apdaila ir auk\u0161ta, fasad\u0105 primenan\u010dia kojele derinys nustebins j\u016bs\u0173 interjer\u0105. Kolekcijos element\u0173 gausa u\u017etikrins, kad niekada nepritr\u016bks id\u0117j\u0173 \u012fdomiems i\u0161d\u0117stymams. Subtilus formos charakteris, pabr\u0117\u017eiamas su\u0161velnint\u0173 kra\u0161t\u0173, suteiks j\u016bs\u0173 interjerui lengvumo.<br \/>\nKarkasas su ABS apvadu<br \/>\nMDF apdaila<br \/>\nMDF fasadai<br \/>\nMedin\u0117 apdaila<\/p>","protected":false},"excerpt":{"rendered":"<p>Plotis [cm] 160<br \/>\nauk\u0161tis [cm] 50<br \/>\ngylis [cm] 40<\/p>","protected":false},"featured_media":178080,"comment_status":"open","ping_status":"open","template":"","meta":[],"product_brand":[],"product_cat":[9572,9115,4635,1175],"product_tag":[],"class_list":{"0":"post-178079","1":"product","2":"type-product","3":"status-publish","4":"has-post-thumbnail","6":"product_cat-furniture-system-nordi-piaski","7":"product_cat-nordi","8":"product_cat-piaski","9":"product_cat-tv-stands","11":"first","12":"instock","13":"purchasable","14":"product-type-simple"},"_links":{"self":[{"href":"https:\/\/baldumarket.lt\/lt\/wp-json\/wp\/v2\/product\/178079","targetHints":{"allow":["GET"]}}],"collection":[{"href":"https:\/\/baldumarket.lt\/lt\/wp-json\/wp\/v2\/product"}],"about":[{"href":"https:\/\/baldumarket.lt\/lt\/wp-json\/wp\/v2\/types\/product"}],"replies":[{"embeddable":true,"href":"https:\/\/baldumarket.lt\/lt\/wp-json\/wp\/v2\/comments?post=178079"}],"wp:featuredmedia":[{"embeddable":true,"href":"https:\/\/baldumarket.lt\/lt\/wp-json\/wp\/v2\/media\/178080"}],"wp:attachment":[{"href":"https:\/\/baldumarket.lt\/lt\/wp-json\/wp\/v2\/media?parent=178079"}],"wp:term":[{"taxonomy":"product_brand","embeddable":true,"href":"https:\/\/baldumarket.lt\/lt\/wp-json\/wp\/v2\/product_brand?post=178079"},{"taxonomy":"product_cat","embeddable":true,"href":"https:\/\/baldumarket.lt\/lt\/wp-json\/wp\/v2\/product_cat?post=178079"},{"taxonomy":"product_tag","embeddable":true,"href":"https:\/\/baldumarket.lt\/lt\/wp-json\/wp\/v2\/product_tag?post=178079"}],"curies":[{"name":"wp","href":"https:\/\/api.w.org\/{rel}","templated":true}]}}