{"id":178041,"date":"2025-12-20T22:28:02","date_gmt":"2025-12-20T19:28:02","guid":{"rendered":"https:\/\/baldumarket.lt\/product\/szafka-rtv-154-diamond-dab-evoke\/"},"modified":"2026-04-05T16:10:29","modified_gmt":"2026-04-05T13:10:29","slug":"szafka-rtv-154-diamond-dab-evoke","status":"publish","type":"product","link":"https:\/\/baldumarket.lt\/lt\/product\/szafka-rtv-154-diamond-dab-evoke\/","title":{"rendered":"TV spintel\u0117 154 Diamond \u2013 \u0105\u017euolo spalvos"},"content":{"rendered":"<p>Kontrastingas juodo pagrindo ir dviej\u0173 dekoratyvini\u0173 spalv\u0173 derinys suteiks j\u016bs\u0173 interjerui unikal\u0173 stili\u0173.<br \/>\nProdukto savyb\u0117s:<br \/>\n\u2013 laminuota plok\u0161t\u0117<br \/>\n\u2013 ABS fanera<br \/>\n\u2013 juodos metalin\u0117s kojel\u0117s (14 cm)<br \/>\n\u2013 frezuotas dekoratyvinis priekis su eglut\u0117s ra\u0161tu<br \/>\n\u2013 patogi atidarymo sistema \u201ePUSS TO OPEN\u201c<br \/>\nSpalva: \u201eEvoke Oak\u201c + matin\u0117 juoda \u2013 eglut\u0117s ra\u0161tas<\/p>","protected":false},"excerpt":{"rendered":"<p>Plotis [cm] 154<br \/>\nauk\u0161tis [cm] 50<br \/>\ngylis [cm] 39<\/p>","protected":false},"featured_media":178042,"comment_status":"open","ping_status":"open","template":"","meta":[],"product_brand":[],"product_cat":[9548,4635,1175],"product_tag":[],"class_list":{"0":"post-178041","1":"product","2":"type-product","3":"status-publish","4":"has-post-thumbnail","6":"product_cat-furniture-system-diamond-piaski","7":"product_cat-piaski","8":"product_cat-tv-stands","10":"first","11":"instock","12":"purchasable","13":"product-type-simple"},"_links":{"self":[{"href":"https:\/\/baldumarket.lt\/lt\/wp-json\/wp\/v2\/product\/178041","targetHints":{"allow":["GET"]}}],"collection":[{"href":"https:\/\/baldumarket.lt\/lt\/wp-json\/wp\/v2\/product"}],"about":[{"href":"https:\/\/baldumarket.lt\/lt\/wp-json\/wp\/v2\/types\/product"}],"replies":[{"embeddable":true,"href":"https:\/\/baldumarket.lt\/lt\/wp-json\/wp\/v2\/comments?post=178041"}],"wp:featuredmedia":[{"embeddable":true,"href":"https:\/\/baldumarket.lt\/lt\/wp-json\/wp\/v2\/media\/178042"}],"wp:attachment":[{"href":"https:\/\/baldumarket.lt\/lt\/wp-json\/wp\/v2\/media?parent=178041"}],"wp:term":[{"taxonomy":"product_brand","embeddable":true,"href":"https:\/\/baldumarket.lt\/lt\/wp-json\/wp\/v2\/product_brand?post=178041"},{"taxonomy":"product_cat","embeddable":true,"href":"https:\/\/baldumarket.lt\/lt\/wp-json\/wp\/v2\/product_cat?post=178041"},{"taxonomy":"product_tag","embeddable":true,"href":"https:\/\/baldumarket.lt\/lt\/wp-json\/wp\/v2\/product_tag?post=178041"}],"curies":[{"name":"wp","href":"https:\/\/api.w.org\/{rel}","templated":true}]}}