{"id":178011,"date":"2025-12-20T22:27:35","date_gmt":"2025-12-20T19:27:35","guid":{"rendered":"https:\/\/baldumarket.lt\/product\/szafka-nocna-stolik-nelly-z-lamelami-szara\/"},"modified":"2026-04-05T16:27:55","modified_gmt":"2026-04-05T13:27:55","slug":"szafka-nocna-stolik-nelly-z-lamelami-szara","status":"publish","type":"product","link":"https:\/\/baldumarket.lt\/lt\/product\/szafka-nocna-stolik-nelly-z-lamelami-szara\/","title":{"rendered":"Nelly naktinis staliukas su grotel\u0117mis, pilkas"},"content":{"rendered":"<p>Nelly naktinis staliukas pagamintas i\u0161 auk\u0161tos kokyb\u0117s 16 mm laminuotos plok\u0161t\u0117s su ABS faneruotomis briaunomis.<br \/>\nDekoratyvin\u0117s MDF plok\u0161t\u0117s priekin\u0117je dalyje.<br \/>\nLentjuost\u0117s formos rankenos.<br \/>\nNaktinis staliukas turi dvi ni\u0161as ir stal\u010di\u0173, kuris juda ant rutulinio guolio.<br \/>\nSPALVOS:<br \/>\n\u2013 pilkos + meni\u0161kos \u0105\u017euolo lentjuost\u0117s<\/p>","protected":false},"excerpt":{"rendered":"<p>Plotis [cm] 51<br \/>\n\u016agis [cm] 52<br \/>\ngylis [cm] 38<\/p>","protected":false},"featured_media":178012,"comment_status":"open","ping_status":"open","template":"","meta":[],"product_brand":[],"product_cat":[9571,1176,4635],"product_tag":[],"class_list":{"0":"post-178011","1":"product","2":"type-product","3":"status-publish","4":"has-post-thumbnail","6":"product_cat-wardrobes-nelly-piaski","7":"product_cat-bedside-tables","8":"product_cat-piaski","10":"first","11":"instock","12":"purchasable","13":"product-type-simple"},"_links":{"self":[{"href":"https:\/\/baldumarket.lt\/lt\/wp-json\/wp\/v2\/product\/178011","targetHints":{"allow":["GET"]}}],"collection":[{"href":"https:\/\/baldumarket.lt\/lt\/wp-json\/wp\/v2\/product"}],"about":[{"href":"https:\/\/baldumarket.lt\/lt\/wp-json\/wp\/v2\/types\/product"}],"replies":[{"embeddable":true,"href":"https:\/\/baldumarket.lt\/lt\/wp-json\/wp\/v2\/comments?post=178011"}],"wp:featuredmedia":[{"embeddable":true,"href":"https:\/\/baldumarket.lt\/lt\/wp-json\/wp\/v2\/media\/178012"}],"wp:attachment":[{"href":"https:\/\/baldumarket.lt\/lt\/wp-json\/wp\/v2\/media?parent=178011"}],"wp:term":[{"taxonomy":"product_brand","embeddable":true,"href":"https:\/\/baldumarket.lt\/lt\/wp-json\/wp\/v2\/product_brand?post=178011"},{"taxonomy":"product_cat","embeddable":true,"href":"https:\/\/baldumarket.lt\/lt\/wp-json\/wp\/v2\/product_cat?post=178011"},{"taxonomy":"product_tag","embeddable":true,"href":"https:\/\/baldumarket.lt\/lt\/wp-json\/wp\/v2\/product_tag?post=178011"}],"curies":[{"name":"wp","href":"https:\/\/api.w.org\/{rel}","templated":true}]}}