{"id":177977,"date":"2025-12-20T22:26:57","date_gmt":"2025-12-20T19:26:57","guid":{"rendered":"https:\/\/baldumarket.lt\/product\/szafka-nocna-royal\/"},"modified":"2026-04-05T15:17:18","modified_gmt":"2026-04-05T12:17:18","slug":"szafka-nocna-royal","status":"publish","type":"product","link":"https:\/\/baldumarket.lt\/lt\/produktas\/szafka-nocna-royal\/","title":{"rendered":"ROYAL naktinis staliukas"},"content":{"rendered":"<p>\u201eRoyal\u201c kolekcija buvo sukurta atsi\u017evelgiant \u012f dabartines tendencijas.<br \/>\nParametrai:<br \/>\nKorpusas: 16 mm laminuota plok\u0161t\u0117 + 0,5 mm ABS kra\u0161tas<br \/>\nPriekin\u0117s dalys: 18 mm storio frezuota laminuota plok\u0161t\u0117<br \/>\nRankena: \u0161lifuoto aukso spalvos aliuminis<br \/>\nKojel\u0117: 18 mm MDF pagrindas ant plastikini\u0173 b\u0117geli\u0173<br \/>\nVyris: \u201eMetalla by Haefele\u201c su \u0161velniu u\u017edarymu<br \/>\nGalima tvirtinti prie sienos (pridedami pakabos)<br \/>\nSpalva:<br \/>\nBalta<br \/>\nSm\u0117lio sm\u0117lio spalvos<br \/>\nGrafito juoda<\/p>","protected":false},"excerpt":{"rendered":"<p>Plotis [cm] 53,6<br \/>\n\u016agis [cm] 42<br \/>\ngylis [cm] 39<\/p>","protected":false},"featured_media":177978,"comment_status":"open","ping_status":"open","template":"","meta":[],"product_brand":[],"product_cat":[9563,1176,4635],"product_tag":[],"class_list":{"0":"post-177977","1":"product","2":"type-product","3":"status-publish","4":"has-post-thumbnail","6":"product_cat-furniture-system-royal-piaski","7":"product_cat-bedside-tables","8":"product_cat-piaski","10":"first","11":"instock","12":"purchasable","13":"product-type-simple"},"_links":{"self":[{"href":"https:\/\/baldumarket.lt\/lt\/wp-json\/wp\/v2\/product\/177977","targetHints":{"allow":["GET"]}}],"collection":[{"href":"https:\/\/baldumarket.lt\/lt\/wp-json\/wp\/v2\/product"}],"about":[{"href":"https:\/\/baldumarket.lt\/lt\/wp-json\/wp\/v2\/types\/product"}],"replies":[{"embeddable":true,"href":"https:\/\/baldumarket.lt\/lt\/wp-json\/wp\/v2\/comments?post=177977"}],"wp:featuredmedia":[{"embeddable":true,"href":"https:\/\/baldumarket.lt\/lt\/wp-json\/wp\/v2\/media\/177978"}],"wp:attachment":[{"href":"https:\/\/baldumarket.lt\/lt\/wp-json\/wp\/v2\/media?parent=177977"}],"wp:term":[{"taxonomy":"product_brand","embeddable":true,"href":"https:\/\/baldumarket.lt\/lt\/wp-json\/wp\/v2\/product_brand?post=177977"},{"taxonomy":"product_cat","embeddable":true,"href":"https:\/\/baldumarket.lt\/lt\/wp-json\/wp\/v2\/product_cat?post=177977"},{"taxonomy":"product_tag","embeddable":true,"href":"https:\/\/baldumarket.lt\/lt\/wp-json\/wp\/v2\/product_tag?post=177977"}],"curies":[{"name":"wp","href":"https:\/\/api.w.org\/{rel}","templated":true}]}}