{"id":177969,"date":"2025-12-20T22:26:49","date_gmt":"2025-12-20T19:26:49","guid":{"rendered":"https:\/\/baldumarket.lt\/product\/szafka-nocna-nova-z-szuflada-s-54-kaszmir\/"},"modified":"2026-04-05T15:17:18","modified_gmt":"2026-04-05T12:17:18","slug":"szafka-nocna-nova-z-szuflada-s-54-kaszmir","status":"publish","type":"product","link":"https:\/\/baldumarket.lt\/lt\/produktas\/szafka-nocna-nova-z-szuflada-s-54-kaszmir\/","title":{"rendered":"Nova naktinis staliukas su stal\u010diumi S-54 ka\u0161myro"},"content":{"rendered":"<p>\u201eNova\u201c kolekcija buvo sukurta atsi\u017evelgiant \u012f dabartines tendencijas \u2013 auk\u0161tos juodos arba auksin\u0117s kojel\u0117s, geometrin\u0117 forma ir spalva pabr\u0117\u017eia elegancij\u0105 ir modern\u0173 stili\u0173.<br \/>\nSpecifikacijos:<br \/>\nR\u0117mas: 16 mm laminuota plok\u0161t\u0117; 0,5 mm ABS kra\u0161tas<br \/>\nPriekin\u0117s dalys: 18 mm MDF plok\u0161t\u0117s, ka\u0161myro imitacijos, su grioveliais<br \/>\nRankena: \u0161lifuoto aukso spalvos aliuminis<br \/>\nPlieninis r\u0117mas: milteliniu b\u016bdu da\u017eytas, 18 mm profilis<br \/>\nNova S-54 naktinis staliukas \u2013 su \u012fduba ir stal\u010diumi.<\/p>","protected":false},"excerpt":{"rendered":"<p>Plotis [cm] 54<br \/>\n\u016agis [cm] 56<br \/>\ngylis [cm] 39<\/p>","protected":false},"featured_media":177970,"comment_status":"open","ping_status":"open","template":"","meta":[],"product_brand":[],"product_cat":[9567,1176,4635],"product_tag":[],"class_list":{"0":"post-177969","1":"product","2":"type-product","3":"status-publish","4":"has-post-thumbnail","6":"product_cat-furniture-system-nova-piaski","7":"product_cat-bedside-tables","8":"product_cat-piaski","10":"first","11":"instock","12":"purchasable","13":"product-type-simple"},"_links":{"self":[{"href":"https:\/\/baldumarket.lt\/lt\/wp-json\/wp\/v2\/product\/177969","targetHints":{"allow":["GET"]}}],"collection":[{"href":"https:\/\/baldumarket.lt\/lt\/wp-json\/wp\/v2\/product"}],"about":[{"href":"https:\/\/baldumarket.lt\/lt\/wp-json\/wp\/v2\/types\/product"}],"replies":[{"embeddable":true,"href":"https:\/\/baldumarket.lt\/lt\/wp-json\/wp\/v2\/comments?post=177969"}],"wp:featuredmedia":[{"embeddable":true,"href":"https:\/\/baldumarket.lt\/lt\/wp-json\/wp\/v2\/media\/177970"}],"wp:attachment":[{"href":"https:\/\/baldumarket.lt\/lt\/wp-json\/wp\/v2\/media?parent=177969"}],"wp:term":[{"taxonomy":"product_brand","embeddable":true,"href":"https:\/\/baldumarket.lt\/lt\/wp-json\/wp\/v2\/product_brand?post=177969"},{"taxonomy":"product_cat","embeddable":true,"href":"https:\/\/baldumarket.lt\/lt\/wp-json\/wp\/v2\/product_cat?post=177969"},{"taxonomy":"product_tag","embeddable":true,"href":"https:\/\/baldumarket.lt\/lt\/wp-json\/wp\/v2\/product_tag?post=177969"}],"curies":[{"name":"wp","href":"https:\/\/api.w.org\/{rel}","templated":true}]}}