{"id":177937,"date":"2025-12-20T22:26:05","date_gmt":"2025-12-20T19:26:05","guid":{"rendered":"https:\/\/baldumarket.lt\/product\/szafka-nocna-glamour-loftowa-z-oswietleniem-sento-s54\/"},"modified":"2026-04-05T02:50:27","modified_gmt":"2026-04-04T23:50:27","slug":"szafka-nocna-glamour-loftowa-z-oswietleniem-sento-s54","status":"publish","type":"product","link":"https:\/\/baldumarket.lt\/lt\/product\/szafka-nocna-glamour-loftowa-z-oswietleniem-sento-s54\/","title":{"rendered":"\u017davingas pal\u0117p\u0117s tipo naktinis staliukas su ap\u0161vietimu Sento S54"},"content":{"rendered":"<p>Pristatome \u201eSento\u201c sistem\u0105 \u2013 frezuoto priekio ir aliuminio r\u0117mo derin\u012f su \u0161iltu LED ap\u0161vietimu. \u0160i kolekcija d\u017eiugina ir sukelia did\u017eiul\u012f susidom\u0117jim\u0105.<br \/>\n\u201eSento\u201c sudaro septynios spintel\u0117s: dvi \u017eemos ir auk\u0161tos vitrinos, televizoriaus staliukas, naktinis staliukas ir trys komodos, i\u0161d\u0117stytos \u012fvairiomis konfig\u016bracijomis. Spintel\u0117s pastatytos ant plienini\u0173 kojeli\u0173, kurios, nepaisant juodos spalvos, suteikia joms lengvumo poj\u016bt\u012f.<br \/>\nSpecifikacijos:<br \/>\nR\u0117mas: 16 mm laminuota plok\u0161t\u0117; 0,5 mm ABS kra\u0161tas<br \/>\nPriekin\u0117 dalis: 18 mm da\u017eyta MDF plok\u0161t\u0117, frezuota<br \/>\n4 mm juodas gr\u016bdintas antikorozinis stiklas + 18 mm aliuminio r\u0117mas<br \/>\nKojel\u0117s: 18 x 18 plieninis profilis, da\u017eytas milteliniu b\u016bdu, juodos spalvos, auk\u0161tis 20 cm<br \/>\nAtidarymo b\u016bdas: atidaroma stumiant (Titus buferis)<br \/>\nLED ap\u0161vietimas<br \/>\nHafele vyriai<br \/>\nH-45 L-300 H\u00e4fele pilno i\u0161traukimo rutuliniai guoliai, atidaromi spaud\u017eiant<br \/>\nSpalva \u2013 juoda \/ Wotano \u0105\u017euolas<br \/>\nSento S54 \u017eavingas lofto tipo naktinis staliukas \u2013 su ni\u0161a ir stal\u010diumi, komplekte yra ap\u0161vietimas.<\/p>","protected":false},"excerpt":{"rendered":"<p>Plotis [cm] 54<br \/>\n\u016agis [cm] 56<br \/>\ngylis [cm] 39<\/p>","protected":false},"featured_media":177938,"comment_status":"open","ping_status":"open","template":"","meta":[],"product_brand":[],"product_cat":[9557,1176,4635],"product_tag":[],"class_list":{"0":"post-177937","1":"product","2":"type-product","3":"status-publish","4":"has-post-thumbnail","6":"product_cat-furniture-system-sento-piaski","7":"product_cat-bedside-tables","8":"product_cat-piaski","10":"first","11":"instock","12":"purchasable","13":"product-type-simple"},"_links":{"self":[{"href":"https:\/\/baldumarket.lt\/lt\/wp-json\/wp\/v2\/product\/177937","targetHints":{"allow":["GET"]}}],"collection":[{"href":"https:\/\/baldumarket.lt\/lt\/wp-json\/wp\/v2\/product"}],"about":[{"href":"https:\/\/baldumarket.lt\/lt\/wp-json\/wp\/v2\/types\/product"}],"replies":[{"embeddable":true,"href":"https:\/\/baldumarket.lt\/lt\/wp-json\/wp\/v2\/comments?post=177937"}],"wp:featuredmedia":[{"embeddable":true,"href":"https:\/\/baldumarket.lt\/lt\/wp-json\/wp\/v2\/media\/177938"}],"wp:attachment":[{"href":"https:\/\/baldumarket.lt\/lt\/wp-json\/wp\/v2\/media?parent=177937"}],"wp:term":[{"taxonomy":"product_brand","embeddable":true,"href":"https:\/\/baldumarket.lt\/lt\/wp-json\/wp\/v2\/product_brand?post=177937"},{"taxonomy":"product_cat","embeddable":true,"href":"https:\/\/baldumarket.lt\/lt\/wp-json\/wp\/v2\/product_cat?post=177937"},{"taxonomy":"product_tag","embeddable":true,"href":"https:\/\/baldumarket.lt\/lt\/wp-json\/wp\/v2\/product_tag?post=177937"}],"curies":[{"name":"wp","href":"https:\/\/api.w.org\/{rel}","templated":true}]}}