{"id":177896,"date":"2025-12-20T22:25:18","date_gmt":"2025-12-20T19:25:18","guid":{"rendered":"https:\/\/baldumarket.lt\/product\/szafa-sandbox-sento-101-cm-dab-wotan\/"},"modified":"2026-04-05T02:50:27","modified_gmt":"2026-04-04T23:50:27","slug":"szafa-sandbox-sento-101-cm-dab-wotan","status":"publish","type":"product","link":"https:\/\/baldumarket.lt\/lt\/product\/szafa-sandbox-sento-101-cm-dab-wotan\/","title":{"rendered":"Sm\u0117lio d\u0117\u017e\u0117 Sento spinta 101 cm wotan \u0105\u017euolas"},"content":{"rendered":"<p>\u201eSandbox Sento\u201c spinta pagaminta i\u0161 auk\u0161tos kokyb\u0117s 16 mm laminuotos plok\u0161t\u0117s su ABS faneruotos briaunos kra\u0161tais.<br \/>\nPriekin\u0117se dalyse yra dekoratyvin\u0117s, lamel\u0117s formos lentos.<br \/>\nSpinta turi du fasadus: vien\u0105 su dviem drabu\u017ei\u0173 kabyklomis, o kit\u0105 su lentynomis.<br \/>\nU\u017e 130 PLN galima u\u017esisakyti keturias papildomas lentynas.<br \/>\nSpecifikacijos:<br \/>\nR\u0117mas: 16 mm laminuota plok\u0161t\u0117, 0,5 mm ABS kra\u0161tai<br \/>\nPriekin\u0117s dalys: 16 mm laminuota plok\u0161t\u0117, 18 mm MDF, da\u017eyta, frezuota<br \/>\nVarstomos durys, rankena: juodas aliuminis<br \/>\nReguliuojamos lentynos<br \/>\nSpalva: juodas korpusas, fasadai: grafito NW \/ Wotano \u0105\u017euolo<\/p>","protected":false},"excerpt":{"rendered":"<p>Plotis [cm] 101<br \/>\n\u016agis [cm] 200<br \/>\ngylis [cm] 51<\/p>","protected":false},"featured_media":177897,"comment_status":"open","ping_status":"open","template":"","meta":[],"product_brand":[],"product_cat":[9557,4635,1177],"product_tag":[],"class_list":{"0":"post-177896","1":"product","2":"type-product","3":"status-publish","4":"has-post-thumbnail","6":"product_cat-furniture-system-sento-piaski","7":"product_cat-piaski","8":"product_cat-wardrobes","10":"first","11":"instock","12":"purchasable","13":"product-type-simple"},"_links":{"self":[{"href":"https:\/\/baldumarket.lt\/lt\/wp-json\/wp\/v2\/product\/177896","targetHints":{"allow":["GET"]}}],"collection":[{"href":"https:\/\/baldumarket.lt\/lt\/wp-json\/wp\/v2\/product"}],"about":[{"href":"https:\/\/baldumarket.lt\/lt\/wp-json\/wp\/v2\/types\/product"}],"replies":[{"embeddable":true,"href":"https:\/\/baldumarket.lt\/lt\/wp-json\/wp\/v2\/comments?post=177896"}],"wp:featuredmedia":[{"embeddable":true,"href":"https:\/\/baldumarket.lt\/lt\/wp-json\/wp\/v2\/media\/177897"}],"wp:attachment":[{"href":"https:\/\/baldumarket.lt\/lt\/wp-json\/wp\/v2\/media?parent=177896"}],"wp:term":[{"taxonomy":"product_brand","embeddable":true,"href":"https:\/\/baldumarket.lt\/lt\/wp-json\/wp\/v2\/product_brand?post=177896"},{"taxonomy":"product_cat","embeddable":true,"href":"https:\/\/baldumarket.lt\/lt\/wp-json\/wp\/v2\/product_cat?post=177896"},{"taxonomy":"product_tag","embeddable":true,"href":"https:\/\/baldumarket.lt\/lt\/wp-json\/wp\/v2\/product_tag?post=177896"}],"curies":[{"name":"wp","href":"https:\/\/api.w.org\/{rel}","templated":true}]}}