{"id":177864,"date":"2025-12-20T22:24:40","date_gmt":"2025-12-20T19:24:40","guid":{"rendered":"https:\/\/baldumarket.lt\/product\/szafa-sandbox-nova-101-cm-bez-piaskowy\/"},"modified":"2026-04-05T15:17:09","modified_gmt":"2026-04-05T12:17:09","slug":"szafa-sandbox-nova-101-cm-bez-piaskowy","status":"publish","type":"product","link":"https:\/\/baldumarket.lt\/lt\/product\/szafa-sandbox-nova-101-cm-bez-piaskowy\/","title":{"rendered":"Sm\u0117lio d\u0117\u017e\u0117 Nova, spinta, 101 cm, sm\u0117lio spalvos"},"content":{"rendered":"<p>Drabu\u017ein\u0117 \u201eSandbox Nova\u201c pagaminta i\u0161 auk\u0161tos kokyb\u0117s 16 mm laminuotos plok\u0161t\u0117s su ABS apvadais.<br \/>\nPriekin\u0117se dalyse yra dekoratyvin\u0117s, lamel\u0117s formos lentos.<br \/>\nSpinta turi du fasadus: vien\u0105 su dviem drabu\u017ei\u0173 kabyklomis, o kit\u0105 su lentynomis.<br \/>\nU\u017e 130 PLN galima u\u017esisakyti keturias papildomas lentynas.<br \/>\nSpecifikacijos:<br \/>\nR\u0117mas: 16 mm laminuota plok\u0161t\u0117, 0,5 mm ABS kra\u0161tai<br \/>\nPriekin\u0117s dalys: 16 mm laminuota plok\u0161t\u0117, 0,5 mm ABS briauna, 18 mm MDF plok\u0161t\u0117 su grioveliais<br \/>\nVarstomos durys, rankena: juodas aliuminis<br \/>\nReguliuojamos lentynos<br \/>\nColor: Sand beige body, Sand beige fronts<\/p>","protected":false},"excerpt":{"rendered":"<p>Plotis [cm] 101<br \/>\n\u016agis [cm] 200<br \/>\ngylis [cm] 51<\/p>","protected":false},"featured_media":177865,"comment_status":"open","ping_status":"open","template":"","meta":[],"product_brand":[],"product_cat":[9567,4635,1177],"product_tag":[],"class_list":{"0":"post-177864","1":"product","2":"type-product","3":"status-publish","4":"has-post-thumbnail","6":"product_cat-furniture-system-nova-piaski","7":"product_cat-piaski","8":"product_cat-wardrobes","10":"first","11":"instock","12":"purchasable","13":"product-type-simple"},"_links":{"self":[{"href":"https:\/\/baldumarket.lt\/lt\/wp-json\/wp\/v2\/product\/177864","targetHints":{"allow":["GET"]}}],"collection":[{"href":"https:\/\/baldumarket.lt\/lt\/wp-json\/wp\/v2\/product"}],"about":[{"href":"https:\/\/baldumarket.lt\/lt\/wp-json\/wp\/v2\/types\/product"}],"replies":[{"embeddable":true,"href":"https:\/\/baldumarket.lt\/lt\/wp-json\/wp\/v2\/comments?post=177864"}],"wp:featuredmedia":[{"embeddable":true,"href":"https:\/\/baldumarket.lt\/lt\/wp-json\/wp\/v2\/media\/177865"}],"wp:attachment":[{"href":"https:\/\/baldumarket.lt\/lt\/wp-json\/wp\/v2\/media?parent=177864"}],"wp:term":[{"taxonomy":"product_brand","embeddable":true,"href":"https:\/\/baldumarket.lt\/lt\/wp-json\/wp\/v2\/product_brand?post=177864"},{"taxonomy":"product_cat","embeddable":true,"href":"https:\/\/baldumarket.lt\/lt\/wp-json\/wp\/v2\/product_cat?post=177864"},{"taxonomy":"product_tag","embeddable":true,"href":"https:\/\/baldumarket.lt\/lt\/wp-json\/wp\/v2\/product_tag?post=177864"}],"curies":[{"name":"wp","href":"https:\/\/api.w.org\/{rel}","templated":true}]}}