{"id":177848,"date":"2025-12-20T22:24:23","date_gmt":"2025-12-20T19:24:23","guid":{"rendered":"https:\/\/baldumarket.lt\/product\/szafa-sandbox-101-cm-flutes\/"},"modified":"2026-02-03T23:27:58","modified_gmt":"2026-02-03T20:27:58","slug":"szafa-sandbox-101-cm-flutes","status":"publish","type":"product","link":"https:\/\/baldumarket.lt\/lt\/product\/szafa-sandbox-101-cm-flutes\/","title":{"rendered":"Sm\u0117lio d\u0117\u017e\u0117s spinta 101 cm fleitos"},"content":{"rendered":"<p>Drabu\u017ein\u0117 \u201eSandbox Nova\u201c pagaminta i\u0161 auk\u0161tos kokyb\u0117s 16 mm laminuotos plok\u0161t\u0117s su ABS apvadais.<br \/>\nPriekin\u0117se dalyse yra 20,5x18 mm aliuminio r\u0117mas su grioveliu.<br \/>\nSpinta turi du fasadus: vien\u0105 su dviem drabu\u017ei\u0173 kabyklomis, o kit\u0105 su lentynomis.<br \/>\nU\u017e 130 PLN galima u\u017esisakyti keturias papildomas lentynas.<br \/>\nSpecifikacijos:<br \/>\nR\u0117mas: 16 mm laminuota plok\u0161t\u0117, 0,5 mm ABS kra\u0161tai<br \/>\nPriekin\u0117 dalis: 20,5x18 mm aliuminio r\u0117mas su grioveliais<br \/>\nAtidarymas: PASPAUSKITE, KAD ATIDARYTUM\u0116TE<br \/>\nReguliuojamos lentynos<br \/>\nGalimos r\u0117meli\u0173 spalvos: ka\u0161myro, sm\u0117lio, juodos arba pilkos<\/p>","protected":false},"excerpt":{"rendered":"<p>Plotis [cm] 101<br \/>\n\u016agis [cm] 200<br \/>\ngylis [cm] 51<\/p>","protected":false},"featured_media":177849,"comment_status":"open","ping_status":"open","template":"","meta":[],"product_brand":[],"product_cat":[4635,1177],"product_tag":[],"class_list":{"0":"post-177848","1":"product","2":"type-product","3":"status-publish","4":"has-post-thumbnail","6":"product_cat-piaski","7":"product_cat-wardrobes","9":"first","10":"instock","11":"purchasable","12":"product-type-simple"},"_links":{"self":[{"href":"https:\/\/baldumarket.lt\/lt\/wp-json\/wp\/v2\/product\/177848","targetHints":{"allow":["GET"]}}],"collection":[{"href":"https:\/\/baldumarket.lt\/lt\/wp-json\/wp\/v2\/product"}],"about":[{"href":"https:\/\/baldumarket.lt\/lt\/wp-json\/wp\/v2\/types\/product"}],"replies":[{"embeddable":true,"href":"https:\/\/baldumarket.lt\/lt\/wp-json\/wp\/v2\/comments?post=177848"}],"wp:featuredmedia":[{"embeddable":true,"href":"https:\/\/baldumarket.lt\/lt\/wp-json\/wp\/v2\/media\/177849"}],"wp:attachment":[{"href":"https:\/\/baldumarket.lt\/lt\/wp-json\/wp\/v2\/media?parent=177848"}],"wp:term":[{"taxonomy":"product_brand","embeddable":true,"href":"https:\/\/baldumarket.lt\/lt\/wp-json\/wp\/v2\/product_brand?post=177848"},{"taxonomy":"product_cat","embeddable":true,"href":"https:\/\/baldumarket.lt\/lt\/wp-json\/wp\/v2\/product_cat?post=177848"},{"taxonomy":"product_tag","embeddable":true,"href":"https:\/\/baldumarket.lt\/lt\/wp-json\/wp\/v2\/product_tag?post=177848"}],"curies":[{"name":"wp","href":"https:\/\/api.w.org\/{rel}","templated":true}]}}