{"id":177837,"date":"2025-12-20T22:24:08","date_gmt":"2025-12-20T19:24:08","guid":{"rendered":"https:\/\/baldumarket.lt\/product\/szafa-przesuwna-wiki-ii-180-lub-200-cm\/"},"modified":"2026-02-12T10:35:44","modified_gmt":"2026-02-12T07:35:44","slug":"szafa-przesuwna-wiki-ii-180-lub-200-cm","status":"publish","type":"product","link":"https:\/\/baldumarket.lt\/lt\/product\/szafa-przesuwna-wiki-ii-180-lub-200-cm\/","title":{"rendered":"\u201eWiki II\u201c stumdoma spinta 180 arba 200 cm"},"content":{"rendered":"<p>\u201eWiki II\u201c spinta pagaminta i\u0161 laminuotos plok\u0161t\u0117s, su MDF \u0161onin\u0117mis panel\u0117mis ir ABS apdaila korpusu. \u201eWiki\u201c spinta yra dviej\u0173 dyd\u017ei\u0173:<br \/>\nP: 180 cm \/ A: 200 cm \/ G: 62 cm<br \/>\nP: 200 cm \/ A: 214 cm \/ G: 62 cm<br \/>\nGalimos spalvos:<br \/>\n\u2013 balta<br \/>\n\u2013 grafitas<\/p>","protected":false},"excerpt":{"rendered":"<p>Plotis [cm] 180 | 200<br \/>\n\u016agis [cm] 200 | 214<br \/>\ngylis [cm] 62 | 62<\/p>","protected":false},"featured_media":177838,"comment_status":"open","ping_status":"open","template":"","meta":[],"product_brand":[],"product_cat":[9551,4635,1177],"product_tag":[],"class_list":{"0":"post-177837","1":"product","2":"type-product","3":"status-publish","4":"has-post-thumbnail","6":"product_cat-wardrobes-wiki-piaski","7":"product_cat-piaski","8":"product_cat-wardrobes","10":"first","11":"instock","12":"purchasable","13":"product-type-simple"},"_links":{"self":[{"href":"https:\/\/baldumarket.lt\/lt\/wp-json\/wp\/v2\/product\/177837","targetHints":{"allow":["GET"]}}],"collection":[{"href":"https:\/\/baldumarket.lt\/lt\/wp-json\/wp\/v2\/product"}],"about":[{"href":"https:\/\/baldumarket.lt\/lt\/wp-json\/wp\/v2\/types\/product"}],"replies":[{"embeddable":true,"href":"https:\/\/baldumarket.lt\/lt\/wp-json\/wp\/v2\/comments?post=177837"}],"wp:featuredmedia":[{"embeddable":true,"href":"https:\/\/baldumarket.lt\/lt\/wp-json\/wp\/v2\/media\/177838"}],"wp:attachment":[{"href":"https:\/\/baldumarket.lt\/lt\/wp-json\/wp\/v2\/media?parent=177837"}],"wp:term":[{"taxonomy":"product_brand","embeddable":true,"href":"https:\/\/baldumarket.lt\/lt\/wp-json\/wp\/v2\/product_brand?post=177837"},{"taxonomy":"product_cat","embeddable":true,"href":"https:\/\/baldumarket.lt\/lt\/wp-json\/wp\/v2\/product_cat?post=177837"},{"taxonomy":"product_tag","embeddable":true,"href":"https:\/\/baldumarket.lt\/lt\/wp-json\/wp\/v2\/product_tag?post=177837"}],"curies":[{"name":"wp","href":"https:\/\/api.w.org\/{rel}","templated":true}]}}