{"id":177823,"date":"2025-12-20T22:23:50","date_gmt":"2025-12-20T19:23:50","guid":{"rendered":"https:\/\/baldumarket.lt\/product\/szafa-przesuwna-wiki-130-lub-150-cm\/"},"modified":"2026-02-12T10:35:34","modified_gmt":"2026-02-12T07:35:34","slug":"szafa-przesuwna-wiki-130-lub-150-cm","status":"publish","type":"product","link":"https:\/\/baldumarket.lt\/lt\/product\/szafa-przesuwna-wiki-130-lub-150-cm\/","title":{"rendered":"\u201eWiki\u201c stumdoma spinta 130 arba 150 cm"},"content":{"rendered":"<p>Spinta WIKI 130\/150 pagaminta i\u0161 auk\u0161tos kokyb\u0117s 16 mm laminuotos plok\u0161t\u0117s su ABS faneros kra\u0161tais. Pagrindas pagamintas i\u0161 MDF plok\u0161t\u0117s. Ji turi pakabinimo b\u0117gel\u012f ir daugyb\u0119 lentyn\u0173 \u2013 vidinis i\u0161d\u0117stymas parodytas nuotraukoje. \u0160i spinta puikiai tinka drabu\u017eiams laikyti.<br \/>\nSPALVOS:<br \/>\n\u2013 balta<br \/>\n\u2013 grafitas<br \/>\nPLO\u010cIAI:<br \/>\n\u2013 130\/200\/62 cm<br \/>\n\u2013 150\/200\/62 cm<\/p>","protected":false},"excerpt":{"rendered":"<p>plotis [cm] 130 arba 150<br \/>\n\u016agis [cm] 200<br \/>\ngylis [cm] 62<\/p>","protected":false},"featured_media":177824,"comment_status":"open","ping_status":"open","template":"","meta":[],"product_brand":[],"product_cat":[9551,4635,1177],"product_tag":[],"class_list":{"0":"post-177823","1":"product","2":"type-product","3":"status-publish","4":"has-post-thumbnail","6":"product_cat-wardrobes-wiki-piaski","7":"product_cat-piaski","8":"product_cat-wardrobes","10":"first","11":"instock","12":"purchasable","13":"product-type-simple"},"_links":{"self":[{"href":"https:\/\/baldumarket.lt\/lt\/wp-json\/wp\/v2\/product\/177823","targetHints":{"allow":["GET"]}}],"collection":[{"href":"https:\/\/baldumarket.lt\/lt\/wp-json\/wp\/v2\/product"}],"about":[{"href":"https:\/\/baldumarket.lt\/lt\/wp-json\/wp\/v2\/types\/product"}],"replies":[{"embeddable":true,"href":"https:\/\/baldumarket.lt\/lt\/wp-json\/wp\/v2\/comments?post=177823"}],"wp:featuredmedia":[{"embeddable":true,"href":"https:\/\/baldumarket.lt\/lt\/wp-json\/wp\/v2\/media\/177824"}],"wp:attachment":[{"href":"https:\/\/baldumarket.lt\/lt\/wp-json\/wp\/v2\/media?parent=177823"}],"wp:term":[{"taxonomy":"product_brand","embeddable":true,"href":"https:\/\/baldumarket.lt\/lt\/wp-json\/wp\/v2\/product_brand?post=177823"},{"taxonomy":"product_cat","embeddable":true,"href":"https:\/\/baldumarket.lt\/lt\/wp-json\/wp\/v2\/product_cat?post=177823"},{"taxonomy":"product_tag","embeddable":true,"href":"https:\/\/baldumarket.lt\/lt\/wp-json\/wp\/v2\/product_tag?post=177823"}],"curies":[{"name":"wp","href":"https:\/\/api.w.org\/{rel}","templated":true}]}}