{"id":177803,"date":"2025-12-20T22:23:24","date_gmt":"2025-12-20T19:23:24","guid":{"rendered":"https:\/\/baldumarket.lt\/product\/szafa-przesuwna-sara-180-dab-sonoma\/"},"modified":"2026-02-12T13:35:24","modified_gmt":"2026-02-12T10:35:24","slug":"szafa-przesuwna-sara-180-dab-sonoma","status":"publish","type":"product","link":"https:\/\/baldumarket.lt\/lt\/product\/szafa-przesuwna-sara-180-dab-sonoma\/","title":{"rendered":"Sara 180 stumdoma spinta \u2013 Sonoma \u0105\u017euolas"},"content":{"rendered":"<p>SARA 180 spinta pagaminta i\u0161 auk\u0161tos kokyb\u0117s, 16 mm storio laminuotos plok\u0161t\u0117s, pasi\u017eymin\u010dios padidintu atsparumu \u012fbr\u0117\u017eimams.<br \/>\nAliuminio rankenos<br \/>\nABS apdailos kra\u0161tai<br \/>\nMDF pagrindas<br \/>\nYra pakabinimo karnizas, daugyb\u0117 lentyn\u0173 ir stal\u010di\u0173 \u2013 vidinis i\u0161d\u0117stymas parodytas nuotraukoje.<br \/>\nSPALVOS:<br \/>\n\u2013 Balta \/ Sonoma \u0105\u017euolas + veidrodis<\/p>","protected":false},"excerpt":{"rendered":"<p>Plotis [cm] 180<br \/>\n\u016agis [cm] 214<br \/>\ngylis [cm] 62<\/p>","protected":false},"featured_media":177804,"comment_status":"open","ping_status":"open","template":"","meta":[],"product_brand":[],"product_cat":[9574,4635,1177],"product_tag":[],"class_list":{"0":"post-177803","1":"product","2":"type-product","3":"status-publish","4":"has-post-thumbnail","6":"product_cat-wardrobes-sara-piaski","7":"product_cat-piaski","8":"product_cat-wardrobes","10":"first","11":"instock","12":"purchasable","13":"product-type-simple"},"_links":{"self":[{"href":"https:\/\/baldumarket.lt\/lt\/wp-json\/wp\/v2\/product\/177803","targetHints":{"allow":["GET"]}}],"collection":[{"href":"https:\/\/baldumarket.lt\/lt\/wp-json\/wp\/v2\/product"}],"about":[{"href":"https:\/\/baldumarket.lt\/lt\/wp-json\/wp\/v2\/types\/product"}],"replies":[{"embeddable":true,"href":"https:\/\/baldumarket.lt\/lt\/wp-json\/wp\/v2\/comments?post=177803"}],"wp:featuredmedia":[{"embeddable":true,"href":"https:\/\/baldumarket.lt\/lt\/wp-json\/wp\/v2\/media\/177804"}],"wp:attachment":[{"href":"https:\/\/baldumarket.lt\/lt\/wp-json\/wp\/v2\/media?parent=177803"}],"wp:term":[{"taxonomy":"product_brand","embeddable":true,"href":"https:\/\/baldumarket.lt\/lt\/wp-json\/wp\/v2\/product_brand?post=177803"},{"taxonomy":"product_cat","embeddable":true,"href":"https:\/\/baldumarket.lt\/lt\/wp-json\/wp\/v2\/product_cat?post=177803"},{"taxonomy":"product_tag","embeddable":true,"href":"https:\/\/baldumarket.lt\/lt\/wp-json\/wp\/v2\/product_tag?post=177803"}],"curies":[{"name":"wp","href":"https:\/\/api.w.org\/{rel}","templated":true}]}}