{"id":177773,"date":"2025-12-20T22:22:45","date_gmt":"2025-12-20T19:22:45","guid":{"rendered":"https:\/\/baldumarket.lt\/product\/szafa-przesuwna-sara-130-dab-sonoma\/"},"modified":"2026-02-12T13:35:14","modified_gmt":"2026-02-12T10:35:14","slug":"szafa-przesuwna-sara-130-dab-sonoma","status":"publish","type":"product","link":"https:\/\/baldumarket.lt\/lt\/product\/szafa-przesuwna-sara-130-dab-sonoma\/","title":{"rendered":"Sara 130 stumdoma spinta \u2013 Sonoma \u0105\u017euolas"},"content":{"rendered":"<p>Pilka Sara stumdoma spinta<br \/>\nStumdoma spinta su veidrod\u017eiu \u2013 tai unikalus baldas, pasi\u017eymintis dideliu funkcionalumu ir vietos taupymu. Ji u\u017etikrina skland\u0173 jud\u0117jim\u0105 bute. Pilka \u201eSara\u201c stumdoma spinta \u2013 \u012fdomus ir modernus pasirinkimas, jungiantis lentynas su da\u017enai reikalingais stal\u010diais. Lentynos pasl\u0117ptos u\u017e stumdom\u0173 dur\u0173 poros, tod\u0117l net ir ma\u017eiausia netvarka spintoje visada lieka nepastebima. \u0160is baldas gali sutalpinti nema\u017e\u0105 kiek\u012f daikt\u0173. Tuo pa\u010diu metu jis atrodo i\u0161skirtinai eleganti\u0161kai d\u0117l auk\u0161tos kokyb\u0117s laminuotos plok\u0161t\u0117s baltos ir Sonoma \u0105\u017euolo spalvos. Be to, vienos durys yra u\u017edengtos veidrod\u017eiu, kuris vizualiai padidins bet koki\u0105 erdv\u0119. Stumdoma \u201eSara\u201c spinta puikiai tinka bet kokiam prie\u0161kambariui, miegamajam ar \u012fmontuotai ni\u0161ai. D\u0117l modernaus stiliaus ji puikiai dera prie skandinavi\u0161ko ir tradicinio interjero. Kvie\u010diame perskaityti visas specifikacijas. Spinta SARA 130 pagaminta i\u0161 auk\u0161tos kokyb\u0117s, 16 mm storio laminuotos plok\u0161t\u0117s, pasi\u017eymin\u010dios padidintu atsparumu \u012fbr\u0117\u017eimams.<br \/>\nAliuminio rankenos<br \/>\nABS apdailos kra\u0161tai<br \/>\nMDF pagrindas<br \/>\nJame yra pakabinimo karnizas, daugyb\u0117 lentyn\u0173 ir du stal\u010diai \u2013 vidinis i\u0161d\u0117stymas parodytas nuotraukoje.<br \/>\nSPALVOS:<br \/>\n\u2013 balta\/Sonoma \u0105\u017euolas + veidrodis<br \/>\nMATMENYS:<br \/>\n130 x 214 x 62 cm \u2013 plotis\/auk\u0161tis\/gylis<\/p>","protected":false},"excerpt":{"rendered":"<p>Plotis [cm] 130<br \/>\n\u016agis [cm] 214<br \/>\ngylis [cm] 62<\/p>","protected":false},"featured_media":177774,"comment_status":"open","ping_status":"open","template":"","meta":[],"product_brand":[],"product_cat":[9574,4635,1177],"product_tag":[],"class_list":{"0":"post-177773","1":"product","2":"type-product","3":"status-publish","4":"has-post-thumbnail","6":"product_cat-wardrobes-sara-piaski","7":"product_cat-piaski","8":"product_cat-wardrobes","10":"first","11":"instock","12":"purchasable","13":"product-type-simple"},"_links":{"self":[{"href":"https:\/\/baldumarket.lt\/lt\/wp-json\/wp\/v2\/product\/177773","targetHints":{"allow":["GET"]}}],"collection":[{"href":"https:\/\/baldumarket.lt\/lt\/wp-json\/wp\/v2\/product"}],"about":[{"href":"https:\/\/baldumarket.lt\/lt\/wp-json\/wp\/v2\/types\/product"}],"replies":[{"embeddable":true,"href":"https:\/\/baldumarket.lt\/lt\/wp-json\/wp\/v2\/comments?post=177773"}],"wp:featuredmedia":[{"embeddable":true,"href":"https:\/\/baldumarket.lt\/lt\/wp-json\/wp\/v2\/media\/177774"}],"wp:attachment":[{"href":"https:\/\/baldumarket.lt\/lt\/wp-json\/wp\/v2\/media?parent=177773"}],"wp:term":[{"taxonomy":"product_brand","embeddable":true,"href":"https:\/\/baldumarket.lt\/lt\/wp-json\/wp\/v2\/product_brand?post=177773"},{"taxonomy":"product_cat","embeddable":true,"href":"https:\/\/baldumarket.lt\/lt\/wp-json\/wp\/v2\/product_cat?post=177773"},{"taxonomy":"product_tag","embeddable":true,"href":"https:\/\/baldumarket.lt\/lt\/wp-json\/wp\/v2\/product_tag?post=177773"}],"curies":[{"name":"wp","href":"https:\/\/api.w.org\/{rel}","templated":true}]}}