{"id":177757,"date":"2025-12-20T22:22:24","date_gmt":"2025-12-20T19:22:24","guid":{"rendered":"https:\/\/baldumarket.lt\/product\/szafa-przesuwna-mika-iv-150-lub-200-cm\/"},"modified":"2026-02-12T12:49:10","modified_gmt":"2026-02-12T09:49:10","slug":"szafa-przesuwna-mika-iv-150-lub-200-cm","status":"publish","type":"product","link":"https:\/\/baldumarket.lt\/lt\/product\/szafa-przesuwna-mika-iv-150-lub-200-cm\/","title":{"rendered":"Mika IV stumdoma spinta 150 arba 200 cm"},"content":{"rendered":"<p>Spinta MIKA IV pagaminta i\u0161 auk\u0161tos kokyb\u0117s laminuotos plok\u0161t\u0117s su ABS faneruotomis briaunomis. Ji puikiai tinka drabu\u017eiams laikyti.<br \/>\nSPALVOS:<br \/>\n\u2013 Sonoma \u0105\u017euolas<br \/>\nSU:<br \/>\n150 cm<br \/>\n200 cm<\/p>","protected":false},"excerpt":{"rendered":"<p>plotis [cm] 150 arba 200<br \/>\n\u016agis [cm] 214<br \/>\ngylis [cm] 63<\/p>","protected":false},"featured_media":177758,"comment_status":"open","ping_status":"open","template":"","meta":[],"product_brand":[],"product_cat":[9569,4635,1177],"product_tag":[],"class_list":{"0":"post-177757","1":"product","2":"type-product","3":"status-publish","4":"has-post-thumbnail","6":"product_cat-wardrobes-mika-piaski","7":"product_cat-piaski","8":"product_cat-wardrobes","10":"first","11":"instock","12":"purchasable","13":"product-type-simple"},"_links":{"self":[{"href":"https:\/\/baldumarket.lt\/lt\/wp-json\/wp\/v2\/product\/177757","targetHints":{"allow":["GET"]}}],"collection":[{"href":"https:\/\/baldumarket.lt\/lt\/wp-json\/wp\/v2\/product"}],"about":[{"href":"https:\/\/baldumarket.lt\/lt\/wp-json\/wp\/v2\/types\/product"}],"replies":[{"embeddable":true,"href":"https:\/\/baldumarket.lt\/lt\/wp-json\/wp\/v2\/comments?post=177757"}],"wp:featuredmedia":[{"embeddable":true,"href":"https:\/\/baldumarket.lt\/lt\/wp-json\/wp\/v2\/media\/177758"}],"wp:attachment":[{"href":"https:\/\/baldumarket.lt\/lt\/wp-json\/wp\/v2\/media?parent=177757"}],"wp:term":[{"taxonomy":"product_brand","embeddable":true,"href":"https:\/\/baldumarket.lt\/lt\/wp-json\/wp\/v2\/product_brand?post=177757"},{"taxonomy":"product_cat","embeddable":true,"href":"https:\/\/baldumarket.lt\/lt\/wp-json\/wp\/v2\/product_cat?post=177757"},{"taxonomy":"product_tag","embeddable":true,"href":"https:\/\/baldumarket.lt\/lt\/wp-json\/wp\/v2\/product_tag?post=177757"}],"curies":[{"name":"wp","href":"https:\/\/api.w.org\/{rel}","templated":true}]}}