{"id":177684,"date":"2025-12-20T22:20:48","date_gmt":"2025-12-20T19:20:48","guid":{"rendered":"https:\/\/baldumarket.lt\/product\/szafa-przesuwna-maja-130-lub-150-cm\/"},"modified":"2026-02-12T12:39:49","modified_gmt":"2026-02-12T09:39:49","slug":"szafa-przesuwna-maja-130-lub-150-cm","status":"publish","type":"product","link":"https:\/\/baldumarket.lt\/lt\/product\/szafa-przesuwna-maja-130-lub-150-cm\/","title":{"rendered":"Maja stumdoma spinta 130 arba 150 cm"},"content":{"rendered":"<p>Spinta MAJA 130\/150 pagaminta i\u0161 auk\u0161tos kokyb\u0117s 16 mm laminuotos plok\u0161t\u0117s su ABS faneruot\u0117s kra\u0161tais. Pagrindas pagamintas i\u0161 MDF plok\u0161t\u0117s. Spinta turi pakab\u0105 drabu\u017eiams ir daugyb\u0119 lentyn\u0173 \u2013 vidinis i\u0161d\u0117stymas parodytas nuotraukoje. \u0160i spinta puikiai tinka drabu\u017eiams laikyti.<br \/>\nSPALVOS:<br \/>\n\u2013 balta<br \/>\n\u2013 grafitas<br \/>\nSU MATMENIMIS:<br \/>\n\u2013 130\/200\/62 cm<br \/>\n\u2013 150\/200\/62 cm<\/p>","protected":false},"excerpt":{"rendered":"<p>plotis [cm] 130 arba 150<br \/>\n\u016agis [cm] 200<br \/>\ngylis [cm] 62<\/p>","protected":false},"featured_media":177685,"comment_status":"open","ping_status":"open","template":"","meta":[],"product_brand":[],"product_cat":[9568,4635,1177],"product_tag":[],"class_list":{"0":"post-177684","1":"product","2":"type-product","3":"status-publish","4":"has-post-thumbnail","6":"product_cat-wardrobes-maja-piaski","7":"product_cat-piaski","8":"product_cat-wardrobes","10":"first","11":"instock","12":"purchasable","13":"product-type-simple"},"_links":{"self":[{"href":"https:\/\/baldumarket.lt\/lt\/wp-json\/wp\/v2\/product\/177684","targetHints":{"allow":["GET"]}}],"collection":[{"href":"https:\/\/baldumarket.lt\/lt\/wp-json\/wp\/v2\/product"}],"about":[{"href":"https:\/\/baldumarket.lt\/lt\/wp-json\/wp\/v2\/types\/product"}],"replies":[{"embeddable":true,"href":"https:\/\/baldumarket.lt\/lt\/wp-json\/wp\/v2\/comments?post=177684"}],"wp:featuredmedia":[{"embeddable":true,"href":"https:\/\/baldumarket.lt\/lt\/wp-json\/wp\/v2\/media\/177685"}],"wp:attachment":[{"href":"https:\/\/baldumarket.lt\/lt\/wp-json\/wp\/v2\/media?parent=177684"}],"wp:term":[{"taxonomy":"product_brand","embeddable":true,"href":"https:\/\/baldumarket.lt\/lt\/wp-json\/wp\/v2\/product_brand?post=177684"},{"taxonomy":"product_cat","embeddable":true,"href":"https:\/\/baldumarket.lt\/lt\/wp-json\/wp\/v2\/product_cat?post=177684"},{"taxonomy":"product_tag","embeddable":true,"href":"https:\/\/baldumarket.lt\/lt\/wp-json\/wp\/v2\/product_tag?post=177684"}],"curies":[{"name":"wp","href":"https:\/\/api.w.org\/{rel}","templated":true}]}}