{"id":177676,"date":"2025-12-20T22:20:38","date_gmt":"2025-12-20T19:20:38","guid":{"rendered":"https:\/\/baldumarket.lt\/product\/szafa-nordi-nsz80-bialy-polysk\/"},"modified":"2026-04-05T16:10:20","modified_gmt":"2026-04-05T13:10:20","slug":"szafa-nordi-nsz80-bialy-polysk","status":"publish","type":"product","link":"https:\/\/baldumarket.lt\/lt\/product\/szafa-nordi-nsz80-bialy-polysk\/","title":{"rendered":"Nordi NSZ80 spinta \u2013 balto blizgesio"},"content":{"rendered":"<p>Ne\u012fprastas blizgesio, \u0105\u017euolo dekoro ir auk\u0161tos kojel\u0117s, kurios forma atkartoja fasadus, derinys nustebins j\u016bs\u0173 interjer\u0105. Subtilus formos charakteris, pabr\u0117\u017etas su\u0161velnintais kra\u0161tais, suteiks j\u016bs\u0173 interjerui lengvumo ir gaivos.<br \/>\nLeiskite sau nustebti pasirinkus Nordi \ud83d\ude42<br \/>\nABS danga dengtas korpusas<br \/>\nMDF apdaila<br \/>\nBlizg\u016bs MDF fasadai<br \/>\nMedin\u0117 apdaila<\/p>","protected":false},"excerpt":{"rendered":"<p>plotis [cm] 80<br \/>\n\u016agis [cm] 197<br \/>\ngylis [cm] 57<\/p>","protected":false},"featured_media":177677,"comment_status":"open","ping_status":"open","template":"","meta":[],"product_brand":[],"product_cat":[9572,9115,4635,1177],"product_tag":[],"class_list":{"0":"post-177676","1":"product","2":"type-product","3":"status-publish","4":"has-post-thumbnail","6":"product_cat-furniture-system-nordi-piaski","7":"product_cat-nordi","8":"product_cat-piaski","9":"product_cat-wardrobes","11":"first","12":"instock","13":"purchasable","14":"product-type-simple"},"_links":{"self":[{"href":"https:\/\/baldumarket.lt\/lt\/wp-json\/wp\/v2\/product\/177676","targetHints":{"allow":["GET"]}}],"collection":[{"href":"https:\/\/baldumarket.lt\/lt\/wp-json\/wp\/v2\/product"}],"about":[{"href":"https:\/\/baldumarket.lt\/lt\/wp-json\/wp\/v2\/types\/product"}],"replies":[{"embeddable":true,"href":"https:\/\/baldumarket.lt\/lt\/wp-json\/wp\/v2\/comments?post=177676"}],"wp:featuredmedia":[{"embeddable":true,"href":"https:\/\/baldumarket.lt\/lt\/wp-json\/wp\/v2\/media\/177677"}],"wp:attachment":[{"href":"https:\/\/baldumarket.lt\/lt\/wp-json\/wp\/v2\/media?parent=177676"}],"wp:term":[{"taxonomy":"product_brand","embeddable":true,"href":"https:\/\/baldumarket.lt\/lt\/wp-json\/wp\/v2\/product_brand?post=177676"},{"taxonomy":"product_cat","embeddable":true,"href":"https:\/\/baldumarket.lt\/lt\/wp-json\/wp\/v2\/product_cat?post=177676"},{"taxonomy":"product_tag","embeddable":true,"href":"https:\/\/baldumarket.lt\/lt\/wp-json\/wp\/v2\/product_tag?post=177676"}],"curies":[{"name":"wp","href":"https:\/\/api.w.org\/{rel}","templated":true}]}}