{"id":177660,"date":"2025-12-20T22:20:14","date_gmt":"2025-12-20T19:20:14","guid":{"rendered":"https:\/\/baldumarket.lt\/product\/szafa-nelly-z-lamelami-2d-grafit-z-lustrem\/"},"modified":"2026-04-05T16:27:55","modified_gmt":"2026-04-05T13:27:55","slug":"szafa-nelly-z-lamelami-2d-grafit-z-lustrem","status":"publish","type":"product","link":"https:\/\/baldumarket.lt\/lt\/product\/szafa-nelly-z-lamelami-2d-grafit-z-lustrem\/","title":{"rendered":"Nelly spinta su 2D grafito skersiniais ir veidrod\u017eiu"},"content":{"rendered":"<p>Nelly spinta pagaminta i\u0161 auk\u0161tos kokyb\u0117s 16 mm laminuotos plok\u0161t\u0117s su ABS faneros kra\u0161tais. Pagrindas \u2013 i\u0161 MDF plok\u0161t\u0117s.<br \/>\nPriekin\u0117se dalyse yra dekoratyvin\u0117s juostel\u0117s ir veidrodis.<br \/>\nSpinta turi du fasadus: vien\u0105 su drabu\u017ei\u0173 kabykla, kit\u0105 su lentynomis ir du papildomus stal\u010dius.<br \/>\nSpintel\u0119 galima u\u017esakyti su prailginimu \u2013 teiraukit\u0117s apie galimas parinktis (jis ant spintos pavaizduotas kita spalva \u2013 \u017er. paskutin\u0119 nuotrauk\u0105 galerijoje).<br \/>\nSPALVOS:<br \/>\n\u2013 grafitas + meni\u0161kos \u0105\u017euolo lentos<\/p>","protected":false},"excerpt":{"rendered":"<p>Plotis [cm] 105<br \/>\n\u016agis [cm] 200<br \/>\ngylis [cm] 51<\/p>","protected":false},"featured_media":177661,"comment_status":"open","ping_status":"open","template":"","meta":[],"product_brand":[],"product_cat":[9571,4635,1177],"product_tag":[],"class_list":{"0":"post-177660","1":"product","2":"type-product","3":"status-publish","4":"has-post-thumbnail","6":"product_cat-wardrobes-nelly-piaski","7":"product_cat-piaski","8":"product_cat-wardrobes","10":"first","11":"instock","12":"purchasable","13":"product-type-simple"},"_links":{"self":[{"href":"https:\/\/baldumarket.lt\/lt\/wp-json\/wp\/v2\/product\/177660","targetHints":{"allow":["GET"]}}],"collection":[{"href":"https:\/\/baldumarket.lt\/lt\/wp-json\/wp\/v2\/product"}],"about":[{"href":"https:\/\/baldumarket.lt\/lt\/wp-json\/wp\/v2\/types\/product"}],"replies":[{"embeddable":true,"href":"https:\/\/baldumarket.lt\/lt\/wp-json\/wp\/v2\/comments?post=177660"}],"wp:featuredmedia":[{"embeddable":true,"href":"https:\/\/baldumarket.lt\/lt\/wp-json\/wp\/v2\/media\/177661"}],"wp:attachment":[{"href":"https:\/\/baldumarket.lt\/lt\/wp-json\/wp\/v2\/media?parent=177660"}],"wp:term":[{"taxonomy":"product_brand","embeddable":true,"href":"https:\/\/baldumarket.lt\/lt\/wp-json\/wp\/v2\/product_brand?post=177660"},{"taxonomy":"product_cat","embeddable":true,"href":"https:\/\/baldumarket.lt\/lt\/wp-json\/wp\/v2\/product_cat?post=177660"},{"taxonomy":"product_tag","embeddable":true,"href":"https:\/\/baldumarket.lt\/lt\/wp-json\/wp\/v2\/product_tag?post=177660"}],"curies":[{"name":"wp","href":"https:\/\/api.w.org\/{rel}","templated":true}]}}