{"id":177652,"date":"2025-12-20T22:20:02","date_gmt":"2025-12-20T19:20:02","guid":{"rendered":"https:\/\/baldumarket.lt\/product\/szafa-nelly-z-lamelami-2d-grafit\/"},"modified":"2026-04-05T16:27:55","modified_gmt":"2026-04-05T13:27:55","slug":"szafa-nelly-z-lamelami-2d-grafit","status":"publish","type":"product","link":"https:\/\/baldumarket.lt\/lt\/product\/szafa-nelly-z-lamelami-2d-grafit\/","title":{"rendered":"Nelly spinta su 2D grafito lentjuost\u0117mis"},"content":{"rendered":"<p>Nelly spinta pagaminta i\u0161 auk\u0161tos kokyb\u0117s 16 mm laminuotos plok\u0161t\u0117s su ABS faneruotomis briaunomis. Pagrindas pagamintas i\u0161 MDF.<br \/>\n\u0160iai spintai galima \u012fsigyti prailginimo panel\u0119 \u2013 teiraukit\u0117s d\u0117l papildom\u0173 variant\u0173 (ji pavaizduota ant spintos kitos spalvos \u2013 \u017er. paskutin\u0119 nuotrauk\u0105 galerijoje).<br \/>\nSPALVOS:<br \/>\n\u2013 grafitas + meni\u0161kos \u0105\u017euolo lentos<\/p>","protected":false},"excerpt":{"rendered":"<p>Plotis [cm] 105<br \/>\n\u016agis [cm] 200<br \/>\ngylis [cm] 51<\/p>","protected":false},"featured_media":177653,"comment_status":"open","ping_status":"open","template":"","meta":[],"product_brand":[],"product_cat":[9571,4635,1177],"product_tag":[],"class_list":{"0":"post-177652","1":"product","2":"type-product","3":"status-publish","4":"has-post-thumbnail","6":"product_cat-wardrobes-nelly-piaski","7":"product_cat-piaski","8":"product_cat-wardrobes","10":"first","11":"instock","12":"purchasable","13":"product-type-simple"},"_links":{"self":[{"href":"https:\/\/baldumarket.lt\/lt\/wp-json\/wp\/v2\/product\/177652","targetHints":{"allow":["GET"]}}],"collection":[{"href":"https:\/\/baldumarket.lt\/lt\/wp-json\/wp\/v2\/product"}],"about":[{"href":"https:\/\/baldumarket.lt\/lt\/wp-json\/wp\/v2\/types\/product"}],"replies":[{"embeddable":true,"href":"https:\/\/baldumarket.lt\/lt\/wp-json\/wp\/v2\/comments?post=177652"}],"wp:featuredmedia":[{"embeddable":true,"href":"https:\/\/baldumarket.lt\/lt\/wp-json\/wp\/v2\/media\/177653"}],"wp:attachment":[{"href":"https:\/\/baldumarket.lt\/lt\/wp-json\/wp\/v2\/media?parent=177652"}],"wp:term":[{"taxonomy":"product_brand","embeddable":true,"href":"https:\/\/baldumarket.lt\/lt\/wp-json\/wp\/v2\/product_brand?post=177652"},{"taxonomy":"product_cat","embeddable":true,"href":"https:\/\/baldumarket.lt\/lt\/wp-json\/wp\/v2\/product_cat?post=177652"},{"taxonomy":"product_tag","embeddable":true,"href":"https:\/\/baldumarket.lt\/lt\/wp-json\/wp\/v2\/product_tag?post=177652"}],"curies":[{"name":"wp","href":"https:\/\/api.w.org\/{rel}","templated":true}]}}