{"id":177637,"date":"2025-12-20T22:19:44","date_gmt":"2025-12-20T19:19:44","guid":{"rendered":"https:\/\/baldumarket.lt\/product\/szafa-nelly-4d-z-lamelami-dab-artisan\/"},"modified":"2026-04-05T16:27:45","modified_gmt":"2026-04-05T13:27:45","slug":"szafa-nelly-4d-z-lamelami-dab-artisan","status":"publish","type":"product","link":"https:\/\/baldumarket.lt\/lt\/product\/szafa-nelly-4d-z-lamelami-dab-artisan\/","title":{"rendered":"Nelly 4D spinta su grotel\u0117mis, \u0105\u017euolo spalvos"},"content":{"rendered":"<p>Nelly spinta pagaminta i\u0161 auk\u0161tos kokyb\u0117s 16 mm storio laminuotos plok\u0161t\u0117s su ABS faneruotomis briaunomis. Pagrindas pagamintas i\u0161 MDF.<br \/>\nSpintel\u0119 galima u\u017esakyti su prailginimu \u2013 teiraukit\u0117s apie galimas parinktis.<br \/>\nSPALVOS:<br \/>\n\u2013 Artisan \u0105\u017euolas + juodos lentjuost\u0117s<\/p>","protected":false},"excerpt":{"rendered":"<p>Plotis [cm] 206<br \/>\n\u016agis [cm] 200<br \/>\ngylis [cm] 51<\/p>","protected":false},"featured_media":177638,"comment_status":"open","ping_status":"open","template":"","meta":[],"product_brand":[],"product_cat":[9571,4635,1177],"product_tag":[],"class_list":{"0":"post-177637","1":"product","2":"type-product","3":"status-publish","4":"has-post-thumbnail","6":"product_cat-wardrobes-nelly-piaski","7":"product_cat-piaski","8":"product_cat-wardrobes","10":"first","11":"instock","12":"purchasable","13":"product-type-simple"},"_links":{"self":[{"href":"https:\/\/baldumarket.lt\/lt\/wp-json\/wp\/v2\/product\/177637","targetHints":{"allow":["GET"]}}],"collection":[{"href":"https:\/\/baldumarket.lt\/lt\/wp-json\/wp\/v2\/product"}],"about":[{"href":"https:\/\/baldumarket.lt\/lt\/wp-json\/wp\/v2\/types\/product"}],"replies":[{"embeddable":true,"href":"https:\/\/baldumarket.lt\/lt\/wp-json\/wp\/v2\/comments?post=177637"}],"wp:featuredmedia":[{"embeddable":true,"href":"https:\/\/baldumarket.lt\/lt\/wp-json\/wp\/v2\/media\/177638"}],"wp:attachment":[{"href":"https:\/\/baldumarket.lt\/lt\/wp-json\/wp\/v2\/media?parent=177637"}],"wp:term":[{"taxonomy":"product_brand","embeddable":true,"href":"https:\/\/baldumarket.lt\/lt\/wp-json\/wp\/v2\/product_brand?post=177637"},{"taxonomy":"product_cat","embeddable":true,"href":"https:\/\/baldumarket.lt\/lt\/wp-json\/wp\/v2\/product_cat?post=177637"},{"taxonomy":"product_tag","embeddable":true,"href":"https:\/\/baldumarket.lt\/lt\/wp-json\/wp\/v2\/product_tag?post=177637"}],"curies":[{"name":"wp","href":"https:\/\/api.w.org\/{rel}","templated":true}]}}