{"id":177629,"date":"2025-12-20T22:19:34","date_gmt":"2025-12-20T19:19:34","guid":{"rendered":"https:\/\/baldumarket.lt\/product\/szafa-nelly-4d-szary-z-lustrami-i-lamelami\/"},"modified":"2026-04-05T16:27:45","modified_gmt":"2026-04-05T13:27:45","slug":"szafa-nelly-4d-szary-z-lustrami-i-lamelami","status":"publish","type":"product","link":"https:\/\/baldumarket.lt\/lt\/product\/szafa-nelly-4d-szary-z-lustrami-i-lamelami\/","title":{"rendered":"Nelly 4D spinta, pilka, su veidrod\u017eiais ir grotel\u0117mis"},"content":{"rendered":"<p>Nelly spinta pagaminta i\u0161 auk\u0161tos kokyb\u0117s 16 mm laminuotos plok\u0161t\u0117s su ABS faneruotomis briaunomis. Pagrindas pagamintas i\u0161 MDF.<br \/>\nPriekin\u0117se pus\u0117se yra dekoratyvin\u0117s juostel\u0117s ir veidrod\u017eiai.<br \/>\nSpinta turi keturis fasadus su drabu\u017ei\u0173 kabykla u\u017e centrini\u0173, lentynas i\u0161orin\u0117se durel\u0117se ir du papildomus stal\u010dius.<br \/>\n\u0160iai spintai galima u\u017esisakyti prailginimo blok\u0105 \u2013 teiraukit\u0117s d\u0117l papildom\u0173 variant\u0173 (jis pavaizduotas kitos spalvos \u2013 \u017er. paskutin\u0119 nuotrauk\u0105 galerijoje).<br \/>\nSPALVOS:<br \/>\n\u2013 pilkos + meni\u0161kos \u0105\u017euolo lentjuost\u0117s<\/p>","protected":false},"excerpt":{"rendered":"<p>Plotis [cm] 206<br \/>\n\u016agis [cm] 200<br \/>\ngylis [cm] 51<\/p>","protected":false},"featured_media":177630,"comment_status":"open","ping_status":"open","template":"","meta":[],"product_brand":[],"product_cat":[9571,4635,1177],"product_tag":[],"class_list":{"0":"post-177629","1":"product","2":"type-product","3":"status-publish","4":"has-post-thumbnail","6":"product_cat-wardrobes-nelly-piaski","7":"product_cat-piaski","8":"product_cat-wardrobes","10":"first","11":"instock","12":"purchasable","13":"product-type-simple"},"_links":{"self":[{"href":"https:\/\/baldumarket.lt\/lt\/wp-json\/wp\/v2\/product\/177629","targetHints":{"allow":["GET"]}}],"collection":[{"href":"https:\/\/baldumarket.lt\/lt\/wp-json\/wp\/v2\/product"}],"about":[{"href":"https:\/\/baldumarket.lt\/lt\/wp-json\/wp\/v2\/types\/product"}],"replies":[{"embeddable":true,"href":"https:\/\/baldumarket.lt\/lt\/wp-json\/wp\/v2\/comments?post=177629"}],"wp:featuredmedia":[{"embeddable":true,"href":"https:\/\/baldumarket.lt\/lt\/wp-json\/wp\/v2\/media\/177630"}],"wp:attachment":[{"href":"https:\/\/baldumarket.lt\/lt\/wp-json\/wp\/v2\/media?parent=177629"}],"wp:term":[{"taxonomy":"product_brand","embeddable":true,"href":"https:\/\/baldumarket.lt\/lt\/wp-json\/wp\/v2\/product_brand?post=177629"},{"taxonomy":"product_cat","embeddable":true,"href":"https:\/\/baldumarket.lt\/lt\/wp-json\/wp\/v2\/product_cat?post=177629"},{"taxonomy":"product_tag","embeddable":true,"href":"https:\/\/baldumarket.lt\/lt\/wp-json\/wp\/v2\/product_tag?post=177629"}],"curies":[{"name":"wp","href":"https:\/\/api.w.org\/{rel}","templated":true}]}}