{"id":177454,"date":"2025-12-20T22:15:40","date_gmt":"2025-12-20T19:15:40","guid":{"rendered":"https:\/\/baldumarket.lt\/product\/szafa-loftowa-4-drzwiowa-flutes-z-szufladami-kelly-4d-rm-drazek\/"},"modified":"2026-02-12T13:02:31","modified_gmt":"2026-02-12T10:02:31","slug":"szafa-loftowa-4-drzwiowa-flutes-z-szufladami-kelly-4d-rm-drazek","status":"publish","type":"product","link":"https:\/\/baldumarket.lt\/lt\/product\/szafa-loftowa-4-drzwiowa-flutes-z-szufladami-kelly-4d-rm-drazek\/","title":{"rendered":"Lofto stiliaus spinta su 4 durimis, grioveliais ir stal\u010diais, Kelly 4D RM strypas"},"content":{"rendered":"<p>Kelly spinta turi keturis fasadus, lentynas u\u017e i\u0161orini\u0173 dureli\u0173, pakab\u0105 spintelei ir du stal\u010dius viduje. Viduriniai fasadai pagaminti i\u0161 rif\u0173 med\u017eiagos.<br \/>\nSpecifikacijos:<br \/>\nKORPUSAS: 16 mm laminuota plok\u0161t\u0117; 0,5 mm ABS kra\u0161tas \u2026 0,5 mm ABS kra\u0161tas<br \/>\nVarstomos durys<br \/>\nRutulini\u0173 guoli\u0173 b\u0117gikai \u2026<\/p>","protected":false},"excerpt":{"rendered":"<p>Plotis [cm] 206<br \/>\n\u016agis [cm] 200<br \/>\ngylis [cm] 51<\/p>","protected":false},"featured_media":177455,"comment_status":"open","ping_status":"open","template":"","meta":[],"product_brand":[],"product_cat":[9570,4635,1177],"product_tag":[],"class_list":{"0":"post-177454","1":"product","2":"type-product","3":"status-publish","4":"has-post-thumbnail","6":"product_cat-wardrobes-kelly-piaski","7":"product_cat-piaski","8":"product_cat-wardrobes","10":"first","11":"instock","12":"purchasable","13":"product-type-simple"},"_links":{"self":[{"href":"https:\/\/baldumarket.lt\/lt\/wp-json\/wp\/v2\/product\/177454","targetHints":{"allow":["GET"]}}],"collection":[{"href":"https:\/\/baldumarket.lt\/lt\/wp-json\/wp\/v2\/product"}],"about":[{"href":"https:\/\/baldumarket.lt\/lt\/wp-json\/wp\/v2\/types\/product"}],"replies":[{"embeddable":true,"href":"https:\/\/baldumarket.lt\/lt\/wp-json\/wp\/v2\/comments?post=177454"}],"wp:featuredmedia":[{"embeddable":true,"href":"https:\/\/baldumarket.lt\/lt\/wp-json\/wp\/v2\/media\/177455"}],"wp:attachment":[{"href":"https:\/\/baldumarket.lt\/lt\/wp-json\/wp\/v2\/media?parent=177454"}],"wp:term":[{"taxonomy":"product_brand","embeddable":true,"href":"https:\/\/baldumarket.lt\/lt\/wp-json\/wp\/v2\/product_brand?post=177454"},{"taxonomy":"product_cat","embeddable":true,"href":"https:\/\/baldumarket.lt\/lt\/wp-json\/wp\/v2\/product_cat?post=177454"},{"taxonomy":"product_tag","embeddable":true,"href":"https:\/\/baldumarket.lt\/lt\/wp-json\/wp\/v2\/product_tag?post=177454"}],"curies":[{"name":"wp","href":"https:\/\/api.w.org\/{rel}","templated":true}]}}