{"id":177422,"date":"2025-12-20T22:14:56","date_gmt":"2025-12-20T19:14:56","guid":{"rendered":"https:\/\/baldumarket.lt\/product\/stolik-szafka-nocna-s54-japandi-kaszmir\/"},"modified":"2026-02-03T23:28:04","modified_gmt":"2026-02-03T20:28:04","slug":"stolik-szafka-nocna-s54-japandi-kaszmir","status":"publish","type":"product","link":"https:\/\/baldumarket.lt\/lt\/product\/stolik-szafka-nocna-s54-japandi-kaszmir\/","title":{"rendered":"Naktinis staliukas S54 Japoni\u0161kas ka\u0161myras"},"content":{"rendered":"<p>\u201eJapandi\u201c kolekcija sukurta atsi\u017evelgiant \u012f dabartines tendencijas \u2013 ka\u0161myro apdaila pasi\u017eymi frezuotais fasadais, kurie atidaromi juodomis metalin\u0117mis ranken\u0117l\u0117mis.<br \/>\nSpecifikacijos:<br \/>\nKorpusas: 16 mm laminuota plok\u0161t\u0117 + 0,5 mm ABS kra\u0161tas<br \/>\nPriekin\u0117s dalys: frezuota laminuota plok\u0161t\u0117 + 0,5 mm ABS apvadas<br \/>\nRankena: juoda metalin\u0117 ranken\u0117l\u0117<br \/>\nKoja: juodai da\u017eyta mediena<br \/>\nHaefele \u0161velnaus u\u017edarymo vyriai<br \/>\nSpalva:<br \/>\nK\u016bnas ir priekis: ka\u0161myras<br \/>\n\u201eJapandi\u201c ka\u0161myro naktinis staliukas \u2013 viengul\u0117 spintel\u0117.<\/p>","protected":false},"excerpt":{"rendered":"<p>Plotis [cm] 53,5<br \/>\ngylis [cm] 39<br \/>\n\u016agis [cm] 56,5<\/p>","protected":false},"featured_media":177423,"comment_status":"open","ping_status":"open","template":"","meta":[],"product_brand":[],"product_cat":[1176,4635],"product_tag":[],"class_list":{"0":"post-177422","1":"product","2":"type-product","3":"status-publish","4":"has-post-thumbnail","6":"product_cat-bedside-tables","7":"product_cat-piaski","9":"first","10":"instock","11":"purchasable","12":"product-type-simple"},"_links":{"self":[{"href":"https:\/\/baldumarket.lt\/lt\/wp-json\/wp\/v2\/product\/177422","targetHints":{"allow":["GET"]}}],"collection":[{"href":"https:\/\/baldumarket.lt\/lt\/wp-json\/wp\/v2\/product"}],"about":[{"href":"https:\/\/baldumarket.lt\/lt\/wp-json\/wp\/v2\/types\/product"}],"replies":[{"embeddable":true,"href":"https:\/\/baldumarket.lt\/lt\/wp-json\/wp\/v2\/comments?post=177422"}],"wp:featuredmedia":[{"embeddable":true,"href":"https:\/\/baldumarket.lt\/lt\/wp-json\/wp\/v2\/media\/177423"}],"wp:attachment":[{"href":"https:\/\/baldumarket.lt\/lt\/wp-json\/wp\/v2\/media?parent=177422"}],"wp:term":[{"taxonomy":"product_brand","embeddable":true,"href":"https:\/\/baldumarket.lt\/lt\/wp-json\/wp\/v2\/product_brand?post=177422"},{"taxonomy":"product_cat","embeddable":true,"href":"https:\/\/baldumarket.lt\/lt\/wp-json\/wp\/v2\/product_cat?post=177422"},{"taxonomy":"product_tag","embeddable":true,"href":"https:\/\/baldumarket.lt\/lt\/wp-json\/wp\/v2\/product_tag?post=177422"}],"curies":[{"name":"wp","href":"https:\/\/api.w.org\/{rel}","templated":true}]}}