{"id":177406,"date":"2025-12-20T22:14:34","date_gmt":"2025-12-20T19:14:34","guid":{"rendered":"https:\/\/baldumarket.lt\/product\/stolik-szafka-frezowana-zova-rtv-168-kaszmir\/"},"modified":"2026-02-12T10:41:43","modified_gmt":"2026-02-12T07:41:43","slug":"stolik-szafka-frezowana-zova-rtv-168-kaszmir","status":"publish","type":"product","link":"https:\/\/baldumarket.lt\/lt\/product\/stolik-szafka-frezowana-zova-rtv-168-kaszmir\/","title":{"rendered":"\u201eZova RTV-168\u201c frezuotas spintelinis staliukas is ka\u0161myro"},"content":{"rendered":"<p>\u201eZova\u201c kolekcija buvo sukurta atsi\u017evelgiant \u012f dabartines tendencijas \u2013 auk\u0161tos, juodos arba auksin\u0117s kojos, geometrin\u0117 forma ir spalva pabr\u0117\u017eia elegancij\u0105 ir modern\u0173 stili\u0173.<br \/>\nSpecifikacijos:<br \/>\nKorpusas: 18 mm laminuota plok\u0161t\u0117<br \/>\n0,6 mm ABS apvadai pertvaroms ir lentynoms<br \/>\n1 mm ABS apvadas vir\u0161uje ir apa\u010dioje<br \/>\nPriekin\u0117 dalis: 18 mm frezuota, dengta MDF plok\u0161te (nelakuota)<br \/>\nRankena: frezuota priekin\u0117 dalis<br \/>\nKojel\u0117s: juodo arba auksinio metalo<br \/>\nMetaliniai vyriai<br \/>\n\u201eZova RTV-168\u201c ka\u0161myro spintel\u0117 \u2013 turi tris spinteles su laisva vieta viduje.<br \/>\n\u201eZova\u201c kolekcij\u0105 sudaro: komodos, RTV spintel\u0117 ir tualetinis staliukas.<br \/>\nKolekcija taip pat prieinama baltos ir juodos spalv\u0173 \u2013 paie\u0161kos juostoje \u012fveskite \u201eZova\u201c.<\/p>","protected":false},"excerpt":{"rendered":"<p>Plotis [cm] 168<br \/>\n\u016agis [cm] 57<br \/>\ngylis [cm] 39<\/p>","protected":false},"featured_media":177407,"comment_status":"open","ping_status":"open","template":"","meta":[],"product_brand":[],"product_cat":[9553,4635,1175],"product_tag":[],"class_list":{"0":"post-177406","1":"product","2":"type-product","3":"status-publish","4":"has-post-thumbnail","6":"product_cat-furniture-system-zova-piaski","7":"product_cat-piaski","8":"product_cat-tv-stands","10":"first","11":"instock","12":"purchasable","13":"product-type-simple"},"_links":{"self":[{"href":"https:\/\/baldumarket.lt\/lt\/wp-json\/wp\/v2\/product\/177406","targetHints":{"allow":["GET"]}}],"collection":[{"href":"https:\/\/baldumarket.lt\/lt\/wp-json\/wp\/v2\/product"}],"about":[{"href":"https:\/\/baldumarket.lt\/lt\/wp-json\/wp\/v2\/types\/product"}],"replies":[{"embeddable":true,"href":"https:\/\/baldumarket.lt\/lt\/wp-json\/wp\/v2\/comments?post=177406"}],"wp:featuredmedia":[{"embeddable":true,"href":"https:\/\/baldumarket.lt\/lt\/wp-json\/wp\/v2\/media\/177407"}],"wp:attachment":[{"href":"https:\/\/baldumarket.lt\/lt\/wp-json\/wp\/v2\/media?parent=177406"}],"wp:term":[{"taxonomy":"product_brand","embeddable":true,"href":"https:\/\/baldumarket.lt\/lt\/wp-json\/wp\/v2\/product_brand?post=177406"},{"taxonomy":"product_cat","embeddable":true,"href":"https:\/\/baldumarket.lt\/lt\/wp-json\/wp\/v2\/product_cat?post=177406"},{"taxonomy":"product_tag","embeddable":true,"href":"https:\/\/baldumarket.lt\/lt\/wp-json\/wp\/v2\/product_tag?post=177406"}],"curies":[{"name":"wp","href":"https:\/\/api.w.org\/{rel}","templated":true}]}}