{"id":177346,"date":"2025-12-20T22:13:10","date_gmt":"2025-12-20T19:13:10","guid":{"rendered":"https:\/\/baldumarket.lt\/product\/stol-rozkladany-sky-l140\/"},"modified":"2026-04-05T02:44:25","modified_gmt":"2026-04-04T23:44:25","slug":"stol-rozkladany-sky-l140","status":"publish","type":"product","link":"https:\/\/baldumarket.lt\/lt\/product\/stol-rozkladany-sky-l140\/","title":{"rendered":"\u201eSky L140\u201c i\u0161traukiamas stalas"},"content":{"rendered":"<p>SKY sistema yra universalus komplektas, tinkantis bet kokiam interjerui. Korpusas ir priekin\u0117s dalys pagamintos i\u0161 laminuotos plok\u0161t\u0117s, o kra\u0161tai apdailinti ABS fanera.<br \/>\nBaldai yra nauji ir supakuoti \u012f surinkimo pakuotes su surinkimo instrukcijomis ir visais reikalingais priedais.<br \/>\nSpalva: Rivjeros \u0105\u017euolas.<\/p>","protected":false},"excerpt":{"rendered":"<p>Plotis [cm] 140\u2013180<br \/>\n\u016agis [cm] 75<br \/>\ngylis [cm] 80<\/p>","protected":false},"featured_media":177347,"comment_status":"open","ping_status":"open","template":"","meta":[],"product_brand":[],"product_cat":[9550,4635,1934],"product_tag":[],"class_list":{"0":"post-177346","1":"product","2":"type-product","3":"status-publish","4":"has-post-thumbnail","6":"product_cat-furniture-system-sky-piaski","7":"product_cat-piaski","8":"product_cat-tables","10":"first","11":"instock","12":"purchasable","13":"product-type-simple"},"_links":{"self":[{"href":"https:\/\/baldumarket.lt\/lt\/wp-json\/wp\/v2\/product\/177346","targetHints":{"allow":["GET"]}}],"collection":[{"href":"https:\/\/baldumarket.lt\/lt\/wp-json\/wp\/v2\/product"}],"about":[{"href":"https:\/\/baldumarket.lt\/lt\/wp-json\/wp\/v2\/types\/product"}],"replies":[{"embeddable":true,"href":"https:\/\/baldumarket.lt\/lt\/wp-json\/wp\/v2\/comments?post=177346"}],"wp:featuredmedia":[{"embeddable":true,"href":"https:\/\/baldumarket.lt\/lt\/wp-json\/wp\/v2\/media\/177347"}],"wp:attachment":[{"href":"https:\/\/baldumarket.lt\/lt\/wp-json\/wp\/v2\/media?parent=177346"}],"wp:term":[{"taxonomy":"product_brand","embeddable":true,"href":"https:\/\/baldumarket.lt\/lt\/wp-json\/wp\/v2\/product_brand?post=177346"},{"taxonomy":"product_cat","embeddable":true,"href":"https:\/\/baldumarket.lt\/lt\/wp-json\/wp\/v2\/product_cat?post=177346"},{"taxonomy":"product_tag","embeddable":true,"href":"https:\/\/baldumarket.lt\/lt\/wp-json\/wp\/v2\/product_tag?post=177346"}],"curies":[{"name":"wp","href":"https:\/\/api.w.org\/{rel}","templated":true}]}}