{"id":177342,"date":"2025-12-20T22:13:05","date_gmt":"2025-12-20T19:13:05","guid":{"rendered":"https:\/\/baldumarket.lt\/product\/stol-rozkladany-primo-pst-140\/"},"modified":"2026-04-05T15:16:58","modified_gmt":"2026-04-05T12:16:58","slug":"stol-rozkladany-primo-pst-140","status":"publish","type":"product","link":"https:\/\/baldumarket.lt\/lt\/product\/stol-rozkladany-primo-pst-140\/","title":{"rendered":"Primo PST 140 i\u0161traukiamas stalas"},"content":{"rendered":"<p>\u201ePrimo\u201c skandinavi\u0161ki baldai \u012fkv\u0117pti bald\u0173, kurie gra\u017eiai derina klasikin\u012f stili\u0173 su modern\u0173 paprastum\u0105. Visi \u201ePrimo\u201c baldai yra tvirtai pagaminti i\u0161 auk\u0161tos kokyb\u0117s med\u017eiag\u0173. Jie dekoruoti ABS apdailos plok\u0161t\u0117mis, apsaugan\u010diomis karkas\u0105, MDF lentomis ir med\u017eio masyvo elementais. Kojel\u0117s pagamintos i\u0161 lakuoto \u0105\u017euolo.<\/p>","protected":false},"excerpt":{"rendered":"<p>Plotis [cm] 140\u2013180<br \/>\n\u016agis [cm] 76<br \/>\ngylis [cm] 80<\/p>","protected":false},"featured_media":177343,"comment_status":"open","ping_status":"open","template":"","meta":[],"product_brand":[],"product_cat":[9565,4635,1934],"product_tag":[],"class_list":{"0":"post-177342","1":"product","2":"type-product","3":"status-publish","4":"has-post-thumbnail","6":"product_cat-furniture-system-primo-piaski","7":"product_cat-piaski","8":"product_cat-tables","10":"first","11":"instock","12":"purchasable","13":"product-type-simple"},"_links":{"self":[{"href":"https:\/\/baldumarket.lt\/lt\/wp-json\/wp\/v2\/product\/177342","targetHints":{"allow":["GET"]}}],"collection":[{"href":"https:\/\/baldumarket.lt\/lt\/wp-json\/wp\/v2\/product"}],"about":[{"href":"https:\/\/baldumarket.lt\/lt\/wp-json\/wp\/v2\/types\/product"}],"replies":[{"embeddable":true,"href":"https:\/\/baldumarket.lt\/lt\/wp-json\/wp\/v2\/comments?post=177342"}],"wp:featuredmedia":[{"embeddable":true,"href":"https:\/\/baldumarket.lt\/lt\/wp-json\/wp\/v2\/media\/177343"}],"wp:attachment":[{"href":"https:\/\/baldumarket.lt\/lt\/wp-json\/wp\/v2\/media?parent=177342"}],"wp:term":[{"taxonomy":"product_brand","embeddable":true,"href":"https:\/\/baldumarket.lt\/lt\/wp-json\/wp\/v2\/product_brand?post=177342"},{"taxonomy":"product_cat","embeddable":true,"href":"https:\/\/baldumarket.lt\/lt\/wp-json\/wp\/v2\/product_cat?post=177342"},{"taxonomy":"product_tag","embeddable":true,"href":"https:\/\/baldumarket.lt\/lt\/wp-json\/wp\/v2\/product_tag?post=177342"}],"curies":[{"name":"wp","href":"https:\/\/api.w.org\/{rel}","templated":true}]}}